{"id":120509,"date":"2023-05-22T07:40:34","date_gmt":"2023-05-22T07:40:34","guid":{"rendered":"https:\/\/www.boatilus.com\/cookie\/"},"modified":"2023-07-11T09:01:33","modified_gmt":"2023-07-11T09:01:33","slug":"cookie","status":"publish","type":"page","link":"https:\/\/www.boatilus.com\/de\/cookie\/","title":{"rendered":"Cookie"},"content":{"rendered":"<div class=\"wpb-content-wrapper\"><p>[vc_row][vc_column width=&#8220;1\/1&#8243;][vc_column_text uncode_shortcode_id=&#8220;157689&#8243; el_class=&#8220;legal&#8220;]<\/p>\n<div class=\"moz-text-flowed\" lang=\"x-unicode\">\n<div class=\"moz-text-flowed\" lang=\"x-unicode\">\n<p>CookiesWir verwenden Cookies. Zus\u00e4tzlich zu den Cookies, die f\u00fcr den Betrieb dieser Website unbedingt erforderlich sind, verwendet <a class=\"moz-txt-link-abbreviated\" href=\"https:\/\/www.boatilus.com\">www.boatilus.com<\/a> Cookies und andere Tracking-Tools, um sich an Ihre Pr\u00e4ferenzen zu erinnern und Ihnen zus\u00e4tzliche Dienste anzubieten, um die Leistung unserer Website zu bewerten, um Ihre Pr\u00e4ferenzen besser zu verstehen und um Ihnen Benachrichtigungen \u00fcber Ihren Warenkorb zu senden. Unsere Partner verwenden Tracker, um personalisierte Werbung auf der Grundlage Ihrer Surfgewohnheiten und Ihres Profils zu erstellen, auch unter Verwendung von Profiling, oder um Ihnen zu erm\u00f6glichen, unsere Inhalte in Ihren sozialen Netzwerken zu teilen.<\/p>\n<p>Sie k\u00f6nnen auf &#8222;Alle Cookies akzeptieren&#8220; klicken, um die oben genannten Verwendungen zuzulassen, auf &#8222;Cookie-Einstellungen&#8220; klicken, um Ihre Auswahl zu konfigurieren, oder auf die Schaltfl\u00e4che &#8222;Ohne Akzeptanz fortfahren&#8220; klicken, um alle optionalen Cookies abzulehnen. Sie k\u00f6nnen Ihre Pr\u00e4ferenzen \u00e4ndern, insbesondere k\u00f6nnen Sie Ihre Zustimmung auf unserer Website jederzeit widerrufen.<\/p>\n<p>Unsere Cookie-Richtlinie<\/p>\n<p>Wir verwenden Cookies zur Personalisierung von Inhalten und Werbung, zur Bereitstellung von Social-Media-Funktionen und zur Analyse unseres Datenverkehrs. Au\u00dferdem geben wir Informationen \u00fcber Ihre Nutzung unserer Website an unsere Partner f\u00fcr soziale Medien, Werbung und Datenanalyse weiter. Weitere Informationen zu den einzelnen Zwecken oder Anbietern, die wir verwenden, finden Sie, wenn Sie auf &#8222;Cookie-Einstellungen&#8220; klicken. Dieses Einstellungszentrum ist jederzeit \u00fcber die Schaltfl\u00e4che &#8222;Cookie-Einstellungen&#8220; auf jeder dieser Seiten zug\u00e4nglich.<\/p>\n<p>Jede Website, die Sie besuchen, kann Informationen \u00fcber Ihren Browser speichern oder abrufen, meist in Form von Cookies. Bei diesen Informationen kann es sich um pers\u00f6nliche Informationen \u00fcber Sie, Ihre Pr\u00e4ferenzen oder Ihr Ger\u00e4t handeln, und sie werden meist dazu verwendet, die Website entsprechend Ihren Erwartungen zu gestalten. In der Regel werden Sie durch diese Informationen nicht direkt identifiziert, aber sie k\u00f6nnen Ihnen ein pers\u00f6nlicheres Web-Erlebnis bieten. Da wir Ihr Recht auf Privatsph\u00e4re respektieren, k\u00f6nnen Sie sich daf\u00fcr entscheiden, bestimmte Arten von Cookies nicht zu akzeptieren.<\/p>\n<p>Sie k\u00f6nnen jederzeit entscheiden, ob Sie Cookies akzeptieren oder ablehnen m\u00f6chten, indem Sie die Einstellungen im Einstellungszentrum durch Anklicken der folgenden Schaltfl\u00e4che aktivieren oder deaktivieren:<\/p>\n<p>A. Was ist ein Cookie?<\/p>\n<p>Ein Cookie ist ein kleiner Datensatz (Textdatei), den eine Website &#8211; wenn sie von einem Benutzer besucht wird &#8211; Ihren Browser auffordert, auf Ihrem Ger\u00e4t zu installieren, um sich Informationen \u00fcber Sie zu merken, z. B. Ihre Spracheinstellungen oder Anmeldeinformationen. Diese Cookies werden von uns erstellt und werden als First-Party-Cookies bezeichnet. F\u00fcr unsere Werbe- und Marketinginitiativen verwenden wir auch Cookies von Drittanbietern, d. h. Cookies, die zu einer anderen Dom\u00e4ne geh\u00f6ren als die Website, die Sie besuchen.<\/p>\n<p>B. Warum verwenden wir Cookies?<\/p>\n<p>Cookies werden f\u00fcr eine Vielzahl von Zwecken verwendet, z. B. um den Nutzern eine nahtlose Navigation zwischen den Seiten zu erm\u00f6glichen, ihre Pr\u00e4ferenzen zu \u00fcbernehmen und ihr Browsing-Erlebnis insgesamt zu verbessern, die Website entsprechend ihrer Browsing-Aktivit\u00e4t und ihrem Nutzerprofil als Gucci-Kunde anzupassen. Cookies k\u00f6nnen uns auch dabei helfen, sicherzustellen, dass die Werbung, die die Nutzer online sehen, f\u00fcr sie und ihre Interessen relevanter ist.<\/p>\n<p>C. Welche Arten von Cookies verwenden wir?<\/p>\n<p>Unsere Website verwendet verschiedene Arten von Cookies mit unterschiedlichen Lebensdauern. Wir verwenden insbesondere:<\/p>\n<p>Sitzungscookies, deren Lebensdauer auf Ihre Browsing-Sitzung beschr\u00e4nkt ist und die Ihnen die Nutzung unserer Website erleichtern; und<br \/>\nDauerhafte Cookies, die f\u00fcr mehr als einen Besuch g\u00fcltig sind und Ihre Einstellungen in Bezug auf die Website speichern.<\/p>\n<p>Diese Cookies k\u00f6nnen auch in die folgenden Kategorien unterteilt werden, je nachdem, wer sie auf unserer Website installiert hat:<\/p>\n<p>Erstanbieter-Cookies, die vom Eigent\u00fcmer der von Ihnen besuchten Website zur Verf\u00fcgung gestellt werden, damit diese ordnungsgem\u00e4\u00df funktioniert.<br \/>\nDrittanbieter-Cookies, die von Dritten auf der Website platziert werden, um verschiedene Daten zu unterschiedlichen Zwecken zu sammeln, z. B.: Sammlung von Daten zu Analysezwecken und Informationen \u00fcber Verhalten und soziale Interaktionen sowie zur Durchf\u00fchrung von Werbeaktionen.<\/p>\n<p>D. Welche Kategorien von Cookies gibt es auf unserer Website?<\/p>\n<p>Die verschiedenen Arten von Cookies, die auf unserer Website verwendet werden, dienen unterschiedlichen Zwecken und k\u00f6nnen in eine der unten aufgef\u00fchrten Kategorien fallen.<\/p>\n<p>Streng notwendige Cookies<\/p>\n<p>Diese Cookies sind f\u00fcr das Funktionieren der Website erforderlich und k\u00f6nnen in unseren Systemen nicht deaktiviert werden. Sie werden in der Regel nur dann installiert, wenn Sie Aktionen durchf\u00fchren, die als Serviceanforderung gelten, wie z. B. die Einstellung Ihrer Datenschutzeinstellungen, das Einloggen oder das Ausf\u00fcllen von Formularen. Sie k\u00f6nnen Ihren Browser so einstellen, dass er solche Cookies blockiert oder Sie \u00fcber deren Existenz informiert, aber einige Teile der Website werden dann nicht funktionieren. Diese Cookies speichern keine pers\u00f6nlichen Informationen.<\/p>\n<p>Leistungs- und analytische Cookies<\/p>\n<p>Diese Cookies erm\u00f6glichen es uns, Besuche zu z\u00e4hlen und die Quellen des Datenverkehrs zu bestimmen, damit wir die Leistung unserer Website messen und verbessern k\u00f6nnen. Sie helfen uns zu verstehen, welche Seiten am erfolgreichsten und welche am wenigsten erfolgreich sind, und zu sehen, wie viele Besucher auf unsere Website kommen. Alle von diesen Cookies gesammelten Informationen werden in zusammengefasster Form gespeichert und sind daher anonym. Wenn Sie diese Cookies nicht akzeptieren, erfahren wir nicht, wann Sie unsere Website besucht haben.<\/p>\n<p>Funktionale Cookies<\/p>\n<p>Diese Cookies erm\u00f6glichen es, die Website zu personalisieren, indem sie die Benutzer wiedererkennen und sich ihre Pr\u00e4ferenzen merken. Sie k\u00f6nnen von uns oder von Drittanbietern erstellt werden, deren Dienste wir in unsere Seiten aufgenommen haben. Wenn Sie diese Cookies nicht akzeptieren, kann es sein, dass alle oder einige dieser Dienste nicht richtig funktionieren.<\/p>\n<p>Profiling- und Targeting-Cookies<\/p>\n<p>Diese Cookies k\u00f6nnen von unseren Werbepartnern auf unserer Website platziert werden. Sie k\u00f6nnen von diesen Unternehmen verwendet werden, um ein BSSN-Profil Ihrer Interessen zu erstellen und Ihnen relevante Werbung auf anderen Websites zu zeigen. Sie speichern keine pers\u00f6nlichen Informationen, sondern identifizieren Ihren Browser und Ihr Internet-Browsing-Ger\u00e4t eindeutig. Wenn Sie diese Cookies nicht akzeptieren, werden Sie weniger gezielte Werbung erhalten.<\/p>\n<p>Cookies f\u00fcr soziale Medien<\/p>\n<p>Diese Cookies werden von verschiedenen Social-Media-Diensten erstellt, die wir auf unserer Website platziert haben, und erm\u00f6glichen es Ihnen, unsere Inhalte mit Ihren Freunden und Ihrem Netzwerk zu teilen. Diese Cookies k\u00f6nnen Ihre Browseraktivit\u00e4ten auf verschiedenen Websites verfolgen und ein Profil auf der Grundlage Ihrer Interessen erstellen. Dies kann die Inhalte und Nachrichten beeinflussen, die Sie beim Besuch anderer Websites sehen.\u00a0 Wenn Sie diese Cookies nicht akzeptieren, k\u00f6nnen Sie diese Sharing-Tools m\u00f6glicherweise nicht nutzen oder ansehen.<\/p>\n<p>E. Geben wir die durch Cookies gesammelten Daten weiter?<\/p>\n<p>Wir k\u00f6nnen mit Hilfe von Cookies Informationen \u00fcber unsere Website sammeln und diese an Dritte weitergeben, z. B. an soziale Netzwerke oder Werbeplattformen, aber auch an Unternehmen innerhalb der Boatilus-Vertriebsgesellschaften, Werbeagenturen\/Lieferanten und IT-Dienstleister (z. B. Hosting), sofern dies mit Ihrer Zustimmung m\u00f6glich ist.<\/p>\n<p>F. Wie Sie Ihre Cookie-Einstellungen anpassen k\u00f6nnen<\/p>\n<p>Sie k\u00f6nnen jederzeit entscheiden, ob Sie die Verwendung von Cookies akzeptieren oder ablehnen m\u00f6chten, indem Sie im Einstellungszentrum auf die Schaltfl\u00e4che &#8222;Cookie-Einstellungen&#8220; auf jeder Seite klicken und die Einstellungen ein- oder ausschalten:<\/p>\n<p>Da wir Ihr Recht auf Privatsph\u00e4re respektieren, k\u00f6nnen Sie sich daf\u00fcr entscheiden, bestimmte Arten von Cookies nicht zu akzeptieren. Klicken Sie auf den Namen der verschiedenen Kategorien, um mehr zu erfahren und Ihre Grundeinstellungen zu \u00e4ndern. Das Blockieren bestimmter Arten von Cookies kann jedoch Ihre Erfahrung mit der Website und den von uns angebotenen Diensten beeintr\u00e4chtigen.<\/p>\n<p>Wenn Sie mehrere Browser verwenden (z. B. Internet Explorer, Google Chrome, Firefox usw.), m\u00fcssen Sie diesen Vorgang f\u00fcr jeden von ihnen wiederholen, und wenn Sie von mehreren Ger\u00e4ten aus auf das Internet zugreifen (z. B. zu Hause und am Arbeitsplatz), m\u00fcssen Sie Ihre Einstellungen f\u00fcr jeden Browser auf jedem Ihrer Ger\u00e4te vornehmen.<\/p>\n<p>Bitte beachten Sie, dass bei der vollst\u00e4ndigen Deaktivierung von Cookies einige Funktionen der Website verloren gehen k\u00f6nnen, wie z. B. die routinem\u00e4\u00dfige Navigation auf der Website und Einkaufsaktivit\u00e4ten, und dass personalisierte Aktivit\u00e4ten, wie z. B. Werbung, die Sie beim Besuch dieser Website erhalten, nicht auf Ihre Interessen abgestimmt sind.<\/p>\n<p>Weitere Informationen \u00fcber Cookies von Drittanbietern (z. B. Werbe- oder Targeting-Cookies) und dar\u00fcber, wie Sie diese direkt \u00fcber Ihren Browser und nicht \u00fcber unser Einstellungszentrum deaktivieren k\u00f6nnen, finden Sie in der entsprechenden Datenschutzrichtlinie und den Opt-out-Richtlinien, die Sie hier finden: <a class=\"moz-txt-link-freetext\" href=\"https:\/\/www.youronlinechoices.com\/\">https:\/\/www.youronlinechoices.com\/<\/a><\/p>\n<p>G. Wie Sie uns kontaktieren k\u00f6nnen<\/p>\n<p>Wenn Sie Fragen zu unseren Datenschutzpraktiken und zum Umgang mit Ihren Daten haben, wenden Sie sich bitte an unser Datenschutzteam und unseren Datenschutzbeauftragten, indem Sie eine E-Mail an<\/p>\n<p><a class=\"moz-txt-link-abbreviated\" href=\"mailto:privacy@boatilus.com\">privacy@boatilus.com<\/a> oder durch Ausf\u00fcllen des Kontaktformulars unten auf der Website.<\/p>\n<p>H. Weitere Informationen<\/p>\n<p>Bitte lesen Sie unsere Datenschutzrichtlinie, um detaillierte Informationen dar\u00fcber zu erhalten, wie wir Ihre pers\u00f6nlichen Daten verarbeiten.<\/p>\n<p>I. Liste der Cookies<\/p>\n<p>Liste der Cookies<\/p>\n<p>Ein Cookie ist ein kleiner Datensatz (Textdatei), den eine Website beim Besuch eines Nutzers vom Browser auf dem Ger\u00e4t des Nutzers speichern l\u00e4sst, um sich Informationen wie die bevorzugte Sprache oder Anmeldedaten zu merken. Diese Cookies werden von uns gesetzt und als &#8222;First Party Cookies&#8220; bezeichnet. Wir verwenden auch Cookies von Drittanbietern &#8211; d. h. Cookies von einer anderen Dom\u00e4ne als der von Ihnen besuchten Website &#8211; f\u00fcr unsere Werbe- und Marketingma\u00dfnahmen. Insbesondere verwenden wir Cookies und andere Tracking-Technologien f\u00fcr die folgenden Zwecke:<\/p>\n<p>Streng notwendige Cookies<\/p>\n<p>Diese Cookies sind f\u00fcr den Betrieb der Website erforderlich und k\u00f6nnen in unseren Systemen nicht deaktiviert werden. Sie werden in der Regel nur als Reaktion auf Ihre Handlungen gesetzt, die eine Anfrage nach Dienstleistungen darstellen, wie z. B. das Festlegen von Datenschutzeinstellungen, das Einloggen oder das Ausf\u00fcllen von Formularen. Sie k\u00f6nnen Ihren Browser so einstellen, dass er diese Cookies blockiert oder Sie vor ihnen warnt, was jedoch zur Folge hat, dass einige Teile der Website nicht funktionieren.<\/p>\n<p>Chat-Cookies<\/p>\n<p>Diese Cookies werden ben\u00f6tigt, um den Chat zu erm\u00f6glichen und uns zu erlauben, Sie zu lokalisieren, Sie mit unseren Teams zu verbinden und Ihnen die M\u00f6glichkeit zu geben, mit uns zu kommunizieren (\u00fcber Chat oder Videoanrufe). Diese Verwendung steht im Zusammenhang mit der \u00dcberwachung Ihrer Erfahrungen auf der Website (einschlie\u00dflich der Live-\u00dcberwachung Ihrer Navigation auf unserer Website oder mobilen Anwendung) und erm\u00f6glicht es uns, Sie bestm\u00f6glich zu unterst\u00fctzen und Ihnen Produkte vorzuschlagen, die Ihren Erwartungen und Vorlieben am besten entsprechen. Wenn Sie diese Cookies nicht akzeptieren, k\u00f6nnen Sie den Chat nicht nutzen.<\/p>\n<p>Leistungs-Cookies<\/p>\n<p>Diese Cookies erm\u00f6glichen es uns, Besuche und Verkehrsquellen zu z\u00e4hlen, damit wir die Leistung unserer Website messen und verbessern k\u00f6nnen. Sie helfen uns zu wissen, welche Seiten am beliebtesten und welche am unbeliebtesten sind und wie sich die Besucher auf der Website bewegen. Alle von den Cookies gesammelten Informationen sind aggregiert und daher anonym. Wenn Sie diese Cookies nicht zulassen, wissen wir nicht, wann Sie unsere Website besucht haben.<\/p>\n<p>Funktionale Cookies<\/p>\n<p>Diese Cookies erm\u00f6glichen es der Website, eine verbesserte Funktionalit\u00e4t und Personalisierung zu bieten. Sie k\u00f6nnen von uns oder von Drittanbietern gesetzt werden, deren Dienste auf unseren Seiten hinzugef\u00fcgt wurden. Wenn Sie diese Cookies nicht zulassen, kann es sein, dass einige oder alle dieser Dienste nicht richtig funktionieren.<\/p>\n<p>Cookies f\u00fcr gezielte Werbung<\/p>\n<p>Diese Cookies k\u00f6nnen von unseren Werbepartnern auf unserer Website gesetzt werden. Sie k\u00f6nnen von diesen Unternehmen verwendet werden, um ein Profil Ihrer Interessen zu erstellen und Ihnen relevante Werbung auf anderen Websites anzuzeigen. Sie speichern keine pers\u00f6nlichen Informationen direkt, sondern basieren ausschlie\u00dflich auf der Verfolgung Ihres Browsers und Internetger\u00e4ts. Wenn Sie diese Cookies nicht akzeptieren, werden Sie weniger gezielte Werbung erhalten.<\/p>\n<\/div>\n<\/div>\n<p>[\/vc_column_text][\/vc_column][\/vc_row]<\/p>\n<\/div>","protected":false},"excerpt":{"rendered":"<p>[vc_row][vc_column width=&#8220;1\/1&#8243;][vc_column_text uncode_shortcode_id=&#8220;157689&#8243; el_class=&#8220;legal&#8220;] CookiesWir verwenden Cookies. Zus\u00e4tzlich zu den Cookies, die f\u00fcr den Betrieb dieser Website unbedingt erforderlich sind, [&hellip;]<\/p>\n","protected":false},"author":2,"featured_media":0,"parent":0,"menu_order":0,"comment_status":"closed","ping_status":"closed","template":"","meta":{"footnotes":""},"class_list":["post-120509","page","type-page","status-publish","hentry"],"yoast_head":"<!-- This site is optimized with the Yoast SEO plugin v27.5 - https:\/\/yoast.com\/product\/yoast-seo-wordpress\/ -->\n<title>Cookie - Boatilus - Wir verwenden Cookies<\/title>\n<meta name=\"description\" content=\"Cookie - Boatilus - Wir verwenden Cookies\" \/>\n<meta name=\"robots\" content=\"index, follow, max-snippet:-1, max-image-preview:large, max-video-preview:-1\" \/>\n<link rel=\"canonical\" href=\"https:\/\/www.boatilus.com\/de\/cookie\/\" \/>\n<meta property=\"og:locale\" content=\"de_DE\" \/>\n<meta property=\"og:type\" content=\"article\" \/>\n<meta property=\"og:title\" content=\"Cookie - Boatilus - Wir verwenden Cookies\" \/>\n<meta property=\"og:description\" content=\"Cookie - Boatilus - Wir verwenden Cookies\" \/>\n<meta property=\"og:url\" content=\"https:\/\/www.boatilus.com\/de\/cookie\/\" \/>\n<meta property=\"og:site_name\" content=\"Boatilus\" \/>\n<meta property=\"article:modified_time\" content=\"2023-07-11T09:01:33+00:00\" \/>\n<meta name=\"twitter:card\" content=\"summary_large_image\" \/>\n<meta name=\"twitter:label1\" content=\"Gesch\u00e4tzte Lesezeit\" \/>\n\t<meta name=\"twitter:data1\" content=\"8\u00a0Minuten\" \/>\n<script type=\"application\/ld+json\" class=\"yoast-schema-graph\">{\"@context\":\"https:\\\/\\\/schema.org\",\"@graph\":[{\"@type\":\"WebPage\",\"@id\":\"https:\\\/\\\/www.boatilus.com\\\/de\\\/cookie\\\/\",\"url\":\"https:\\\/\\\/www.boatilus.com\\\/de\\\/cookie\\\/\",\"name\":\"Cookie - Boatilus - Wir verwenden Cookies\",\"isPartOf\":{\"@id\":\"https:\\\/\\\/www.boatilus.com\\\/de\\\/#website\"},\"datePublished\":\"2023-05-22T07:40:34+00:00\",\"dateModified\":\"2023-07-11T09:01:33+00:00\",\"description\":\"Cookie - Boatilus - Wir verwenden Cookies\",\"breadcrumb\":{\"@id\":\"https:\\\/\\\/www.boatilus.com\\\/de\\\/cookie\\\/#breadcrumb\"},\"inLanguage\":\"de\",\"potentialAction\":[{\"@type\":\"ReadAction\",\"target\":[\"https:\\\/\\\/www.boatilus.com\\\/de\\\/cookie\\\/\"]}]},{\"@type\":\"BreadcrumbList\",\"@id\":\"https:\\\/\\\/www.boatilus.com\\\/de\\\/cookie\\\/#breadcrumb\",\"itemListElement\":[{\"@type\":\"ListItem\",\"position\":1,\"name\":\"Home\",\"item\":\"https:\\\/\\\/www.boatilus.com\\\/de\\\/\"},{\"@type\":\"ListItem\",\"position\":2,\"name\":\"Cookie\"}]},{\"@type\":\"WebSite\",\"@id\":\"https:\\\/\\\/www.boatilus.com\\\/de\\\/#website\",\"url\":\"https:\\\/\\\/www.boatilus.com\\\/de\\\/\",\"name\":\"Boatilus\",\"description\":\"\",\"potentialAction\":[{\"@type\":\"SearchAction\",\"target\":{\"@type\":\"EntryPoint\",\"urlTemplate\":\"https:\\\/\\\/www.boatilus.com\\\/de\\\/?s={search_term_string}\"},\"query-input\":{\"@type\":\"PropertyValueSpecification\",\"valueRequired\":true,\"valueName\":\"search_term_string\"}}],\"inLanguage\":\"de\"}]}<\/script>\n<!-- \/ Yoast SEO plugin. -->","yoast_head_json":{"title":"Cookie - Boatilus - Wir verwenden Cookies","description":"Cookie - Boatilus - Wir verwenden Cookies","robots":{"index":"index","follow":"follow","max-snippet":"max-snippet:-1","max-image-preview":"max-image-preview:large","max-video-preview":"max-video-preview:-1"},"canonical":"https:\/\/www.boatilus.com\/de\/cookie\/","og_locale":"de_DE","og_type":"article","og_title":"Cookie - Boatilus - Wir verwenden Cookies","og_description":"Cookie - Boatilus - Wir verwenden Cookies","og_url":"https:\/\/www.boatilus.com\/de\/cookie\/","og_site_name":"Boatilus","article_modified_time":"2023-07-11T09:01:33+00:00","twitter_card":"summary_large_image","twitter_misc":{"Gesch\u00e4tzte Lesezeit":"8\u00a0Minuten"},"schema":{"@context":"https:\/\/schema.org","@graph":[{"@type":"WebPage","@id":"https:\/\/www.boatilus.com\/de\/cookie\/","url":"https:\/\/www.boatilus.com\/de\/cookie\/","name":"Cookie - Boatilus - Wir verwenden Cookies","isPartOf":{"@id":"https:\/\/www.boatilus.com\/de\/#website"},"datePublished":"2023-05-22T07:40:34+00:00","dateModified":"2023-07-11T09:01:33+00:00","description":"Cookie - Boatilus - Wir verwenden Cookies","breadcrumb":{"@id":"https:\/\/www.boatilus.com\/de\/cookie\/#breadcrumb"},"inLanguage":"de","potentialAction":[{"@type":"ReadAction","target":["https:\/\/www.boatilus.com\/de\/cookie\/"]}]},{"@type":"BreadcrumbList","@id":"https:\/\/www.boatilus.com\/de\/cookie\/#breadcrumb","itemListElement":[{"@type":"ListItem","position":1,"name":"Home","item":"https:\/\/www.boatilus.com\/de\/"},{"@type":"ListItem","position":2,"name":"Cookie"}]},{"@type":"WebSite","@id":"https:\/\/www.boatilus.com\/de\/#website","url":"https:\/\/www.boatilus.com\/de\/","name":"Boatilus","description":"","potentialAction":[{"@type":"SearchAction","target":{"@type":"EntryPoint","urlTemplate":"https:\/\/www.boatilus.com\/de\/?s={search_term_string}"},"query-input":{"@type":"PropertyValueSpecification","valueRequired":true,"valueName":"search_term_string"}}],"inLanguage":"de"}]}},"_links":{"self":[{"href":"https:\/\/www.boatilus.com\/de\/wp-json\/wp\/v2\/pages\/120509","targetHints":{"allow":["GET"]}}],"collection":[{"href":"https:\/\/www.boatilus.com\/de\/wp-json\/wp\/v2\/pages"}],"about":[{"href":"https:\/\/www.boatilus.com\/de\/wp-json\/wp\/v2\/types\/page"}],"author":[{"embeddable":true,"href":"https:\/\/www.boatilus.com\/de\/wp-json\/wp\/v2\/users\/2"}],"replies":[{"embeddable":true,"href":"https:\/\/www.boatilus.com\/de\/wp-json\/wp\/v2\/comments?post=120509"}],"version-history":[{"count":0,"href":"https:\/\/www.boatilus.com\/de\/wp-json\/wp\/v2\/pages\/120509\/revisions"}],"wp:attachment":[{"href":"https:\/\/www.boatilus.com\/de\/wp-json\/wp\/v2\/media?parent=120509"}],"curies":[{"name":"wp","href":"https:\/\/api.w.org\/{rel}","templated":true}]}}