{"id":120504,"date":"2023-05-22T07:40:34","date_gmt":"2023-05-22T07:40:34","guid":{"rendered":"https:\/\/www.boatilus.com\/cookie\/"},"modified":"2023-07-11T08:36:32","modified_gmt":"2023-07-11T08:36:32","slug":"cookie","status":"publish","type":"page","link":"https:\/\/www.boatilus.com\/es\/cookie\/","title":{"rendered":"Cookie"},"content":{"rendered":"<div class=\"wpb-content-wrapper\"><p>[vc_row][vc_column width=\u00bb1\/1&#8243;][vc_column_text uncode_shortcode_id=\u00bb129440&#8243; el_class=\u00bblegal\u00bb]<\/p>\n<div class=\"moz-text-flowed\" lang=\"x-unicode\">\n<p>Cookies<\/p>\n<p>Utilizamos cookies. Adem\u00e1s de las cookies estrictamente necesarias para el funcionamiento de este sitio web, <a class=\"moz-txt-link-abbreviated\" href=\"https:\/\/www.boatilus.com\">www.boatilus.com<\/a> utiliza cookies y otras herramientas de seguimiento para recordar sus preferencias y ofrecerle servicios adicionales, evaluar el rendimiento de nuestro sitio web, comprender mejor sus preferencias y enviarle notificaciones sobre su cesta de la compra. Nuestros socios utilizan rastreadores para crear anuncios personalizados basados en sus h\u00e1bitos de navegaci\u00f3n y su perfil, utilizando tambi\u00e9n la elaboraci\u00f3n de perfiles, o para permitirle compartir nuestros contenidos en sus redes sociales.<\/p>\n<p>Puede hacer clic en \u00abAceptar todas las cookies\u00bb para permitir los usos mencionados anteriormente, hacer clic en \u00abConfiguraci\u00f3n de cookies\u00bb para configurar sus opciones o hacer clic en el bot\u00f3n \u00abContinuar sin aceptar\u00bb para rechazar todas las cookies opcionales. Puede cambiar sus preferencias, en particular puede retirar su consentimiento en nuestro sitio web en cualquier momento.<\/p>\n<p>Nuestra pol\u00edtica de cookies<\/p>\n<p>Utilizamos cookies para personalizar el contenido y la publicidad, para ofrecer funciones de redes sociales y para analizar nuestro tr\u00e1fico de datos. Tambi\u00e9n compartimos informaci\u00f3n sobre su uso de nuestro sitio web con nuestros socios de redes sociales, publicidad y an\u00e1lisis de datos. Puede encontrar m\u00e1s informaci\u00f3n sobre cada uno de los fines o proveedores que utilizamos haciendo clic en \u00abConfiguraci\u00f3n de cookies\u00bb. Este centro de preferencias es accesible en todo momento a trav\u00e9s del bot\u00f3n &#8216;Configuraci\u00f3n de cookies&#8217; situado en cada una de estas p\u00e1ginas.<\/p>\n<p>Cualquier sitio web que visite puede almacenar o recuperar informaci\u00f3n a trav\u00e9s de su navegador, principalmente en forma de cookies. Esta informaci\u00f3n puede ser informaci\u00f3n personal sobre usted, sus preferencias o su dispositivo y se utiliza principalmente para que el sitio web funcione de acuerdo con sus expectativas. Por lo general, dicha informaci\u00f3n no le identifica directamente, pero puede ofrecerle una experiencia web m\u00e1s personalizada. Dado que respetamos su derecho a la intimidad, puede optar por no aceptar determinados tipos de cookies.<\/p>\n<p>Puede optar por aceptar o rechazar las cookies en cualquier momento mediante los ajustes de activaci\u00f3n\/desactivaci\u00f3n del centro de preferencias haciendo clic en el siguiente bot\u00f3n:<\/p>\n<p>A. \u00bfQu\u00e9 es una cookie?<\/p>\n<p>Una cookie es un peque\u00f1o fragmento de datos (archivo de texto) que un sitio web -cuando es visitado por un usuario- pide a su navegador que instale en su dispositivo para recordar informaci\u00f3n sobre usted, como sus preferencias de idioma o sus datos de acceso. Estas cookies son creadas por nosotros y se denominan cookies de origen. Tambi\u00e9n utilizamos cookies de terceros -que son cookies que pertenecen a un dominio diferente del sitio web que est\u00e1 visitando- para nuestras iniciativas de publicidad y marketing.<\/p>\n<p>B. \u00bfPor qu\u00e9 utilizamos cookies?<\/p>\n<p>Las cookies se utilizan para diversos fines, como permitir a los usuarios navegar entre p\u00e1ginas sin problemas, adoptar sus preferencias y mejorar su experiencia general de navegaci\u00f3n, personalizar el sitio web de acuerdo con su actividad de navegaci\u00f3n y su perfil de usuario como cliente de Gucci. Las cookies tambi\u00e9n pueden ayudarnos a garantizar que los anuncios que los usuarios ven en l\u00ednea sean m\u00e1s relevantes para ellos y sus intereses.<\/p>\n<p>C. \u00bfQu\u00e9 tipos de cookies utilizamos?<\/p>\n<p>Nuestro sitio web utiliza diferentes tipos de cookies que tienen diferentes per\u00edodos de vida. En particular, utilizamos<\/p>\n<p>Cookies de sesi\u00f3n, cuya duraci\u00f3n se limita a su sesi\u00f3n de navegaci\u00f3n y que facilitan su experiencia en nuestro sitio web; y<br \/>\nCookies persistentes, que duran m\u00e1s de una visita y almacenan sus preferencias de configuraci\u00f3n en relaci\u00f3n con el sitio web.<\/p>\n<p>Estas cookies tambi\u00e9n pueden dividirse en las siguientes categor\u00edas, dependiendo de qui\u00e9n las haya instalado en nuestro sitio web:<\/p>\n<p>Cookies de origen, que son proporcionadas por el propietario del sitio web que est\u00e1 visitando, para que funcione adecuadamente.<br \/>\nCookies de terceros, que son colocadas en el sitio web por terceros, con el objetivo de recopilar diversos datos para diversos fines, por ejemplo: recopilar datos con fines de an\u00e1lisis e informaci\u00f3n sobre el comportamiento y las interacciones sociales, y tambi\u00e9n para llevar a cabo actividades promocionales.<\/p>\n<p>D. \u00bfQu\u00e9 categor\u00edas de cookies est\u00e1n presentes en nuestro sitio web?<\/p>\n<p>Los diferentes tipos de cookies que se utilizan en nuestro sitio web tienen diferentes finalidades y pueden pertenecer a una de las categor\u00edas que se indican a continuaci\u00f3n.<\/p>\n<p>Cookies estrictamente necesarias<\/p>\n<p>Estas cookies son necesarias para el funcionamiento del sitio web y no pueden desactivarse en nuestros sistemas. Normalmente s\u00f3lo se instalan como resultado de acciones realizadas por usted que pueden calificarse como una solicitud de servicio, como configurar sus preferencias de privacidad, iniciar sesi\u00f3n o rellenar formularios. Puede configurar su navegador para que bloquee estas cookies o le notifique su existencia, pero algunas partes del sitio no funcionar\u00e1n. Estas cookies no almacenan ninguna informaci\u00f3n personal.<\/p>\n<p>Cookies anal\u00edticas y de rendimiento<\/p>\n<p>Estas cookies nos permiten contar las visitas y determinar las fuentes de tr\u00e1fico para que podamos medir y mejorar el rendimiento de nuestro sitio. Nos ayudan a comprender qu\u00e9 p\u00e1ginas tienen m\u00e1s \u00e9xito y cu\u00e1les menos y a ver cu\u00e1ntos visitantes llegan a nuestro sitio. Toda la informaci\u00f3n recogida por estas cookies es agregada y, por tanto, an\u00f3nima. Si no acepta estas cookies, no sabremos cu\u00e1ndo ha visitado nuestro sitio.<\/p>\n<p>Cookies de funcionalidad<\/p>\n<p>Estas cookies permiten personalizar el sitio web reconociendo a los usuarios y recordando sus preferencias. Pueden ser creadas por nosotros o por terceros proveedores cuyos servicios hemos a\u00f1adido a nuestras p\u00e1ginas. Si no acepta estas cookies, es posible que todos o algunos de estos servicios no funcionen correctamente.<\/p>\n<p>Cookies de perfiles y objetivos<\/p>\n<p>Estas cookies pueden ser colocadas en nuestro sitio por nuestros socios publicitarios. Estas empresas pueden utilizarlas para crear un perfil BSSN de sus intereses y mostrarle anuncios relevantes en otros sitios. No almacenan directamente ninguna informaci\u00f3n personal, sino que identifican de forma \u00fanica su navegador y dispositivo de navegaci\u00f3n por Internet. Si no acepta estas cookies, recibir\u00e1 menos publicidad espec\u00edfica.<\/p>\n<p>Cookies de redes sociales<\/p>\n<p>Estas cookies son creadas por varios servicios de redes sociales que hemos colocado en nuestro sitio y le permiten compartir nuestro contenido con sus amigos y su red. Estas cookies pueden rastrear la actividad de su navegador en diferentes sitios y construir un perfil basado en sus intereses. Esto puede influir en el contenido y los mensajes que ve cuando visita otros sitios web.\u00a0 Si no acepta estas cookies, es posible que no pueda utilizar o ver estas herramientas para compartir.<\/p>\n<p>E. \u00bfCompartimos los datos recogidos a trav\u00e9s de las cookies?<\/p>\n<p>Podemos recopilar informaci\u00f3n sobre nuestro sitio web a trav\u00e9s de cookies y compartirla con terceros, como redes sociales o plataformas publicitarias, pero tambi\u00e9n empresas de los distribuidores de Boatilus, agencias\/proveedores de publicidad y proveedores de servicios de TI (por ejemplo, alojamiento), si es necesario con su consentimiento.<\/p>\n<p>F. C\u00f3mo personalizar su configuraci\u00f3n de cookies<\/p>\n<p>Puede elegir en cualquier momento aceptar o rechazar el uso de cookies mediante la configuraci\u00f3n de activaci\u00f3n\/desactivaci\u00f3n en el centro de preferencias haciendo clic en el bot\u00f3n \u00abConfiguraci\u00f3n de cookies\u00bb de cada p\u00e1gina:<\/p>\n<p>Como respetamos su derecho a la intimidad, puede optar por no aceptar determinados tipos de cookies. Haga clic en el nombre de las distintas categor\u00edas para obtener m\u00e1s informaci\u00f3n y modificar su configuraci\u00f3n b\u00e1sica. Sin embargo, bloquear ciertos tipos de cookies puede afectar a su experiencia del sitio y a los servicios que podemos ofrecerle.<\/p>\n<p>Si utiliza varios navegadores (por ejemplo, Internet Explorer, Google Chrome, Firefox, etc.), tendr\u00e1 que repetir este proceso para cada uno de ellos, y si se conecta a la web desde varios dispositivos (por ejemplo, desde casa y desde el trabajo), tendr\u00e1 que configurar sus preferencias para cada navegador en cada uno de sus dispositivos.<\/p>\n<p>Tenga en cuenta que si desactiva las cookies por completo, es posible que se pierda parte de la funcionalidad del sitio, como la navegaci\u00f3n rutinaria por el sitio y la actividad de compra, y que cualquier actividad personalizada, como los anuncios que reciba al visitar este sitio web, no se adapte a sus intereses.<\/p>\n<p>Para obtener m\u00e1s informaci\u00f3n sobre las cookies de terceros (por ejemplo, las cookies publicitarias o de segmentaci\u00f3n) y sobre c\u00f3mo desactivarlas directamente desde su navegador en lugar de desde nuestro centro de preferencias, lea la pol\u00edtica de privacidad y las directrices de desactivaci\u00f3n correspondientes que puede encontrar aqu\u00ed: <a class=\"moz-txt-link-freetext\" href=\"https:\/\/www.youronlinechoices.com\/\">https:\/\/www.youronlinechoices.com\/<\/a>.<\/p>\n<p>G. C\u00f3mo ponerse en contacto con nosotros<\/p>\n<p>Si tiene alguna pregunta sobre nuestras pr\u00e1cticas de privacidad y sobre c\u00f3mo tratamos sus datos, p\u00f3ngase en contacto con nuestro equipo de privacidad y con nuestro responsable de protecci\u00f3n de datos enviando un correo electr\u00f3nico a<\/p>\n<p><a class=\"moz-txt-link-abbreviated\" href=\"mailto:privacy@boatilus.com\">privacy@boatilus.com<\/a> o rellenando el formulario de contacto que aparece a continuaci\u00f3n en el sitio web.<\/p>\n<p>H. M\u00e1s informaci\u00f3n<\/p>\n<p>Lea nuestra pol\u00edtica de privacidad para obtener informaci\u00f3n detallada sobre c\u00f3mo procesamos su informaci\u00f3n personal.<\/p>\n<p>I. Lista de cookies<\/p>\n<p>lista de cookies<\/p>\n<p>Una cookie es un peque\u00f1o fragmento de datos (archivo de texto) que un sitio web, cuando es visitado por un usuario, pide al navegador que almacene en el dispositivo del usuario para recordar informaci\u00f3n como el idioma preferido o los datos de acceso. Estas cookies las instalamos nosotros y se denominan cookies de origen. Tambi\u00e9n utilizamos cookies de terceros -es decir, cookies de un dominio distinto del sitio web que est\u00e1 visitando- para nuestros esfuerzos publicitarios y de marketing. En particular, utilizamos cookies y otras tecnolog\u00edas de seguimiento para los siguientes fines:<\/p>\n<p>Cookies estrictamente necesarias<\/p>\n<p>Estas cookies son necesarias para el funcionamiento del sitio y no pueden desactivarse en nuestros sistemas. Normalmente s\u00f3lo se instalan en respuesta a acciones que usted realiza y que constituyen una solicitud de servicios, como configurar las preferencias de privacidad, iniciar sesi\u00f3n o rellenar formularios. Puede configurar su navegador para que bloquee estas cookies o le avise de ellas, pero como resultado algunas partes del sitio no funcionar\u00e1n.<\/p>\n<p>Cookies de chat<\/p>\n<p>Estas cookies son necesarias para habilitar el chat y nos permiten localizarle, conectarle con nuestros equipos y ofrecerle la oportunidad de comunicarse con nosotros (mediante chat o videollamadas). Dicho uso estar\u00e1 asociado al seguimiento de su experiencia en el sitio (incluido el seguimiento en directo de su navegaci\u00f3n en nuestro sitio o aplicaci\u00f3n m\u00f3vil), nos permite asistirle de la mejor manera posible y sugerirle los productos que mejor se adapten a sus expectativas y preferencias. Si no acepta estas cookies, no podr\u00e1 acceder al chat.<\/p>\n<p>Cookies de rendimiento<\/p>\n<p>Estas cookies nos permiten contabilizar las visitas y las fuentes de tr\u00e1fico para que podamos medir y mejorar el rendimiento de nuestro sitio. Nos ayudan a saber qu\u00e9 p\u00e1ginas son las m\u00e1s y las menos populares y a ver c\u00f3mo se mueven los visitantes por el sitio. Toda la informaci\u00f3n recogida por las cookies es agregada y, por tanto, an\u00f3nima. Si no permite estas cookies, no sabremos cu\u00e1ndo ha visitado nuestro sitio.<\/p>\n<p>Cookies de funcionalidad<\/p>\n<p>Estas cookies permiten que el sitio ofrezca una mayor funcionalidad y personalizaci\u00f3n. Pueden ser instaladas por nosotros o por terceros proveedores cuyos servicios han sido a\u00f1adidos a nuestras p\u00e1ginas. Si no permite estas cookies, es posible que algunos o todos estos servicios no funcionen correctamente.<\/p>\n<p>Cookies de publicidad dirigida<\/p>\n<p>Estas cookies pueden ser instaladas a trav\u00e9s de nuestro sitio por nuestros socios publicitarios. Estas empresas pueden utilizarlas para elaborar un perfil de sus intereses y mostrarle anuncios relevantes en otros sitios. No almacenan directamente ninguna informaci\u00f3n personal, sino que se basan \u00fanicamente en el seguimiento de su navegador y dispositivo de Internet. Si no acepta estas cookies, recibir\u00e1 menos publicidad espec\u00edfica.<\/p>\n<\/div>\n<p>[\/vc_column_text][\/vc_column][\/vc_row]<\/p>\n<\/div>","protected":false},"excerpt":{"rendered":"<p>[vc_row][vc_column width=\u00bb1\/1&#8243;][vc_column_text uncode_shortcode_id=\u00bb129440&#8243; el_class=\u00bblegal\u00bb] Cookies Utilizamos cookies. Adem\u00e1s de las cookies estrictamente necesarias para el funcionamiento de este sitio web, [&hellip;]<\/p>\n","protected":false},"author":2,"featured_media":0,"parent":0,"menu_order":0,"comment_status":"closed","ping_status":"closed","template":"","meta":{"footnotes":""},"class_list":["post-120504","page","type-page","status-publish","hentry"],"yoast_head":"<!-- This site is optimized with the Yoast SEO plugin v27.5 - https:\/\/yoast.com\/product\/yoast-seo-wordpress\/ -->\n<title>Nuestra pol\u00edtica de cookies - Boatilus<\/title>\n<meta name=\"description\" content=\"Utilizamos cookies para personalizar el contenido y la publicidad, para ofrecer funciones de redes sociales y para analizar nuestro tr\u00e1fico.\" \/>\n<meta name=\"robots\" content=\"index, follow, max-snippet:-1, max-image-preview:large, max-video-preview:-1\" \/>\n<link rel=\"canonical\" href=\"https:\/\/www.boatilus.com\/es\/cookie\/\" \/>\n<meta property=\"og:locale\" content=\"es_ES\" \/>\n<meta property=\"og:type\" content=\"article\" \/>\n<meta property=\"og:title\" content=\"Nuestra pol\u00edtica de cookies - Boatilus\" \/>\n<meta property=\"og:description\" content=\"Utilizamos cookies para personalizar el contenido y la publicidad, para ofrecer funciones de redes sociales y para analizar nuestro tr\u00e1fico.\" \/>\n<meta property=\"og:url\" content=\"https:\/\/www.boatilus.com\/es\/cookie\/\" \/>\n<meta property=\"og:site_name\" content=\"Boatilus\" \/>\n<meta property=\"article:modified_time\" content=\"2023-07-11T08:36:32+00:00\" \/>\n<meta name=\"twitter:card\" content=\"summary_large_image\" \/>\n<meta name=\"twitter:label1\" content=\"Tiempo de lectura\" \/>\n\t<meta name=\"twitter:data1\" content=\"9 minutos\" \/>\n<script type=\"application\/ld+json\" class=\"yoast-schema-graph\">{\"@context\":\"https:\\\/\\\/schema.org\",\"@graph\":[{\"@type\":\"WebPage\",\"@id\":\"https:\\\/\\\/www.boatilus.com\\\/es\\\/cookie\\\/\",\"url\":\"https:\\\/\\\/www.boatilus.com\\\/es\\\/cookie\\\/\",\"name\":\"Nuestra pol\u00edtica de cookies - Boatilus\",\"isPartOf\":{\"@id\":\"https:\\\/\\\/www.boatilus.com\\\/es\\\/#website\"},\"datePublished\":\"2023-05-22T07:40:34+00:00\",\"dateModified\":\"2023-07-11T08:36:32+00:00\",\"description\":\"Utilizamos cookies para personalizar el contenido y la publicidad, para ofrecer funciones de redes sociales y para analizar nuestro tr\u00e1fico.\",\"breadcrumb\":{\"@id\":\"https:\\\/\\\/www.boatilus.com\\\/es\\\/cookie\\\/#breadcrumb\"},\"inLanguage\":\"es\",\"potentialAction\":[{\"@type\":\"ReadAction\",\"target\":[\"https:\\\/\\\/www.boatilus.com\\\/es\\\/cookie\\\/\"]}]},{\"@type\":\"BreadcrumbList\",\"@id\":\"https:\\\/\\\/www.boatilus.com\\\/es\\\/cookie\\\/#breadcrumb\",\"itemListElement\":[{\"@type\":\"ListItem\",\"position\":1,\"name\":\"Home\",\"item\":\"https:\\\/\\\/www.boatilus.com\\\/es\\\/\"},{\"@type\":\"ListItem\",\"position\":2,\"name\":\"Cookie\"}]},{\"@type\":\"WebSite\",\"@id\":\"https:\\\/\\\/www.boatilus.com\\\/es\\\/#website\",\"url\":\"https:\\\/\\\/www.boatilus.com\\\/es\\\/\",\"name\":\"Boatilus\",\"description\":\"\",\"potentialAction\":[{\"@type\":\"SearchAction\",\"target\":{\"@type\":\"EntryPoint\",\"urlTemplate\":\"https:\\\/\\\/www.boatilus.com\\\/es\\\/?s={search_term_string}\"},\"query-input\":{\"@type\":\"PropertyValueSpecification\",\"valueRequired\":true,\"valueName\":\"search_term_string\"}}],\"inLanguage\":\"es\"}]}<\/script>\n<!-- \/ Yoast SEO plugin. -->","yoast_head_json":{"title":"Nuestra pol\u00edtica de cookies - Boatilus","description":"Utilizamos cookies para personalizar el contenido y la publicidad, para ofrecer funciones de redes sociales y para analizar nuestro tr\u00e1fico.","robots":{"index":"index","follow":"follow","max-snippet":"max-snippet:-1","max-image-preview":"max-image-preview:large","max-video-preview":"max-video-preview:-1"},"canonical":"https:\/\/www.boatilus.com\/es\/cookie\/","og_locale":"es_ES","og_type":"article","og_title":"Nuestra pol\u00edtica de cookies - Boatilus","og_description":"Utilizamos cookies para personalizar el contenido y la publicidad, para ofrecer funciones de redes sociales y para analizar nuestro tr\u00e1fico.","og_url":"https:\/\/www.boatilus.com\/es\/cookie\/","og_site_name":"Boatilus","article_modified_time":"2023-07-11T08:36:32+00:00","twitter_card":"summary_large_image","twitter_misc":{"Tiempo de lectura":"9 minutos"},"schema":{"@context":"https:\/\/schema.org","@graph":[{"@type":"WebPage","@id":"https:\/\/www.boatilus.com\/es\/cookie\/","url":"https:\/\/www.boatilus.com\/es\/cookie\/","name":"Nuestra pol\u00edtica de cookies - Boatilus","isPartOf":{"@id":"https:\/\/www.boatilus.com\/es\/#website"},"datePublished":"2023-05-22T07:40:34+00:00","dateModified":"2023-07-11T08:36:32+00:00","description":"Utilizamos cookies para personalizar el contenido y la publicidad, para ofrecer funciones de redes sociales y para analizar nuestro tr\u00e1fico.","breadcrumb":{"@id":"https:\/\/www.boatilus.com\/es\/cookie\/#breadcrumb"},"inLanguage":"es","potentialAction":[{"@type":"ReadAction","target":["https:\/\/www.boatilus.com\/es\/cookie\/"]}]},{"@type":"BreadcrumbList","@id":"https:\/\/www.boatilus.com\/es\/cookie\/#breadcrumb","itemListElement":[{"@type":"ListItem","position":1,"name":"Home","item":"https:\/\/www.boatilus.com\/es\/"},{"@type":"ListItem","position":2,"name":"Cookie"}]},{"@type":"WebSite","@id":"https:\/\/www.boatilus.com\/es\/#website","url":"https:\/\/www.boatilus.com\/es\/","name":"Boatilus","description":"","potentialAction":[{"@type":"SearchAction","target":{"@type":"EntryPoint","urlTemplate":"https:\/\/www.boatilus.com\/es\/?s={search_term_string}"},"query-input":{"@type":"PropertyValueSpecification","valueRequired":true,"valueName":"search_term_string"}}],"inLanguage":"es"}]}},"_links":{"self":[{"href":"https:\/\/www.boatilus.com\/es\/wp-json\/wp\/v2\/pages\/120504","targetHints":{"allow":["GET"]}}],"collection":[{"href":"https:\/\/www.boatilus.com\/es\/wp-json\/wp\/v2\/pages"}],"about":[{"href":"https:\/\/www.boatilus.com\/es\/wp-json\/wp\/v2\/types\/page"}],"author":[{"embeddable":true,"href":"https:\/\/www.boatilus.com\/es\/wp-json\/wp\/v2\/users\/2"}],"replies":[{"embeddable":true,"href":"https:\/\/www.boatilus.com\/es\/wp-json\/wp\/v2\/comments?post=120504"}],"version-history":[{"count":0,"href":"https:\/\/www.boatilus.com\/es\/wp-json\/wp\/v2\/pages\/120504\/revisions"}],"wp:attachment":[{"href":"https:\/\/www.boatilus.com\/es\/wp-json\/wp\/v2\/media?parent=120504"}],"curies":[{"name":"wp","href":"https:\/\/api.w.org\/{rel}","templated":true}]}}