{"id":120502,"date":"2023-05-22T07:40:34","date_gmt":"2023-05-22T07:40:34","guid":{"rendered":"https:\/\/www.boatilus.com\/?page_id=120502"},"modified":"2023-05-22T07:40:34","modified_gmt":"2023-05-22T07:40:34","slug":"cookie","status":"publish","type":"page","link":"https:\/\/www.boatilus.com\/fr\/cookie\/","title":{"rendered":"Cookie"},"content":{"rendered":"<div class=\"wpb-content-wrapper\"><p>[vc_row][vc_column width=\u00a0\u00bb1\/1&Prime;][vc_column_text uncode_shortcode_id=\u00a0\u00bb593349&Prime; el_class=\u00a0\u00bblegal\u00a0\u00bb]Cookies<\/p>\n<p>Nous utilisons des cookies. Outre les cookies strictement n\u00e9cessaires au fonctionnement de ce site, <a class=\"moz-txt-link-abbreviated\" href=\"https:\/\/www.boatilus.com\">www.boatilus.com<\/a> utilise des cookies et d&rsquo;autres outils de tra\u00e7age pour se souvenir de vos pr\u00e9f\u00e9rences et vous proposer des services suppl\u00e9mentaires, pour \u00e9valuer la performance de notre site, pour mieux comprendre vos pr\u00e9f\u00e9rences, et pour vous envoyer des notifications concernant votre panier d&rsquo;achat. Nos partenaires utilisent des traceurs pour cr\u00e9er des publicit\u00e9s personnalis\u00e9es en fonction de vos habitudes de navigation et de votre profil, en utilisant \u00e9galement le profilage, ou pour vous permettre de partager nos contenus sur vos r\u00e9seaux sociaux.<\/p>\n<p>Vous pouvez cliquer sur \u00ab\u00a0Accepter tous les cookies\u00a0\u00bb pour autoriser les utilisations mentionn\u00e9es ci-dessus, cliquer sur \u00ab\u00a0Param\u00e8tres des cookies\u00a0\u00bb pour configurer vos choix ou cliquer sur le bouton \u00ab\u00a0Continuer sans accepter\u00a0\u00bb pour refuser tous les cookies optionnels. Vous pouvez modifier vos pr\u00e9f\u00e9rences, notamment retirer votre consentement sur notre site web \u00e0 tout moment.<\/p>\n<p>Notre politique en mati\u00e8re de cookies<\/p>\n<p>Nous utilisons des cookies pour personnaliser le contenu et les publicit\u00e9s, pour fournir des fonctions de m\u00e9dias sociaux et pour analyser notre trafic de donn\u00e9es. Nous partageons \u00e9galement des informations sur votre utilisation de notre site web avec nos partenaires de m\u00e9dias sociaux, de publicit\u00e9 et d&rsquo;analyse de donn\u00e9es. Vous pouvez obtenir plus d&rsquo;informations sur chacun des objectifs ou des fournisseurs que nous utilisons en cliquant sur \u00ab\u00a0Param\u00e8tres des cookies\u00a0\u00bb. Ce centre de pr\u00e9f\u00e9rences est accessible \u00e0 tout moment par le bouton \u00ab\u00a0Param\u00e8tres des cookies\u00a0\u00bb situ\u00e9 sur chacune de ces pages.<\/p>\n<p>Tout site web que vous visitez peut stocker ou r\u00e9cup\u00e9rer des informations par l&rsquo;interm\u00e9diaire de votre navigateur, principalement sous la forme de cookies. Ces informations peuvent \u00eatre des informations personnelles vous concernant, concernant vos pr\u00e9f\u00e9rences ou votre appareil, et sont principalement utilis\u00e9es pour que le site web fonctionne selon vos attentes. En g\u00e9n\u00e9ral, ces informations ne permettent pas de vous identifier directement, mais elles peuvent vous offrir une exp\u00e9rience web plus personnalis\u00e9e. Parce que nous respectons votre droit \u00e0 la vie priv\u00e9e, vous pouvez choisir de ne pas accepter certains types de cookies.<\/p>\n<p>Vous pouvez choisir d&rsquo;accepter ou de refuser les cookies \u00e0 tout moment en utilisant les param\u00e8tres d&rsquo;activation et de d\u00e9sactivation dans le centre de pr\u00e9f\u00e9rences en cliquant sur le bouton suivant :<\/p>\n<p>A. Qu&rsquo;est-ce qu&rsquo;un cookie ?<\/p>\n<p>Un cookie est un petit \u00e9l\u00e9ment de donn\u00e9es (fichier texte) qu&rsquo;un site web &#8211; lorsqu&rsquo;il est visit\u00e9 par un utilisateur &#8211; demande \u00e0 votre navigateur d&rsquo;installer sur votre appareil afin de m\u00e9moriser des informations vous concernant, telles que vos pr\u00e9f\u00e9rences linguistiques ou vos informations de connexion. Ces cookies sont cr\u00e9\u00e9s par nous et sont appel\u00e9s cookies de premi\u00e8re partie. Nous utilisons \u00e9galement des cookies de tiers &#8211; qui appartiennent \u00e0 un domaine diff\u00e9rent de celui du site web que vous visitez &#8211; pour nos initiatives de publicit\u00e9 et de marketing.<\/p>\n<p>B. Pourquoi utilisons-nous des cookies ?<\/p>\n<p>Les cookies sont utilis\u00e9s \u00e0 diverses fins, notamment pour permettre aux utilisateurs de naviguer entre les pages de mani\u00e8re transparente, d&rsquo;adopter leurs pr\u00e9f\u00e9rences et d&rsquo;am\u00e9liorer leur exp\u00e9rience globale de navigation, de personnaliser le site web en fonction de leur activit\u00e9 de navigation et de leur profil d&rsquo;utilisateur en tant que client de Gucci. Les cookies peuvent \u00e9galement nous aider \u00e0 faire en sorte que les publicit\u00e9s que les utilisateurs voient en ligne soient plus pertinentes pour eux et pour leurs int\u00e9r\u00eats.<\/p>\n<p>C. Quels types de cookies utilisons-nous ?<\/p>\n<p>Notre site Internet utilise diff\u00e9rents types de cookies qui ont des dur\u00e9es de vie diff\u00e9rentes. Nous utilisons en particulier<\/p>\n<p>des cookies de session, dont la dur\u00e9e de vie est limit\u00e9e \u00e0 votre session de navigation et qui facilitent votre exp\u00e9rience sur notre site web ; et<br \/>\ndes cookies persistants, qui durent plus d&rsquo;une visite et stockent vos pr\u00e9f\u00e9rences en mati\u00e8re de param\u00e9trage du site web.<\/p>\n<p>Ces cookies peuvent \u00e9galement \u00eatre class\u00e9s dans les cat\u00e9gories suivantes, en fonction de la personne qui les a install\u00e9s sur notre site web :<\/p>\n<p>Les cookies de premi\u00e8re partie, qui sont fournis par le propri\u00e9taire du site web que vous visitez, afin qu&rsquo;il fonctionne correctement.<br \/>\nLes cookies de tiers, qui sont plac\u00e9s sur le site web par des tiers, dans le but de collecter diverses donn\u00e9es \u00e0 des fins diverses, par exemple : collecte de donn\u00e9es \u00e0 des fins d&rsquo;analyse et d&rsquo;informations sur le comportement et les interactions sociales, ainsi que pour r\u00e9aliser des activit\u00e9s promotionnelles.<\/p>\n<p>D. Quelles sont les cat\u00e9gories de cookies pr\u00e9sentes sur notre site web ?<\/p>\n<p>Les diff\u00e9rents types de cookies utilis\u00e9s sur notre site web r\u00e9pondent \u00e0 des objectifs diff\u00e9rents et peuvent appartenir \u00e0 l&rsquo;une des cat\u00e9gories \u00e9num\u00e9r\u00e9es ci-dessous.<\/p>\n<p>Cookies strictement n\u00e9cessaires<\/p>\n<p>Ces cookies sont n\u00e9cessaires au fonctionnement du site web et ne peuvent pas \u00eatre d\u00e9sactiv\u00e9s sur nos syst\u00e8mes. Ils ne sont g\u00e9n\u00e9ralement install\u00e9s qu&rsquo;\u00e0 la suite d&rsquo;actions que vous avez entreprises et qui peuvent \u00eatre consid\u00e9r\u00e9es comme une demande de service, telles que le r\u00e9glage de vos pr\u00e9f\u00e9rences en mati\u00e8re de vie priv\u00e9e, l&rsquo;ouverture d&rsquo;une session ou le remplissage de formulaires. Vous pouvez configurer votre navigateur pour qu&rsquo;il bloque ces cookies ou qu&rsquo;il vous informe de leur existence, mais certaines parties du site ne fonctionneront pas. Ces cookies ne stockent aucune information personnelle.<\/p>\n<p>Cookies de performance et d&rsquo;analyse<\/p>\n<p>Ces cookies nous permettent de compter les visites et de d\u00e9terminer les sources de trafic afin de mesurer et d&rsquo;am\u00e9liorer les performances de notre site. Ils nous aident \u00e0 comprendre quelles sont les pages qui ont le plus de succ\u00e8s et celles qui en ont le moins, et \u00e0 voir combien de visiteurs viennent sur notre site. Toutes les informations collect\u00e9es par ces cookies sont agr\u00e9g\u00e9es et donc anonymes. Si vous n&rsquo;acceptez pas ces cookies, nous ne saurons pas quand vous avez visit\u00e9 notre site.<\/p>\n<p>Cookies de fonctionnalit\u00e9<\/p>\n<p>Ces cookies permettent de personnaliser le site web en reconnaissant les utilisateurs et en m\u00e9morisant leurs pr\u00e9f\u00e9rences. Ils peuvent \u00eatre cr\u00e9\u00e9s par nous ou par des fournisseurs tiers dont nous avons ajout\u00e9 les services \u00e0 nos pages. Si vous n&rsquo;acceptez pas ces cookies, tout ou partie de ces services peuvent ne pas fonctionner correctement.<\/p>\n<p>Cookies de profilage et de ciblage<\/p>\n<p>Ces cookies peuvent \u00eatre plac\u00e9s sur notre site par nos partenaires publicitaires. Ils peuvent \u00eatre utilis\u00e9s par ces soci\u00e9t\u00e9s pour \u00e9tablir un profil BSSN de vos int\u00e9r\u00eats et vous montrer des publicit\u00e9s pertinentes sur d&rsquo;autres sites. Ils ne stockent pas directement d&rsquo;informations personnelles mais fonctionnent en identifiant de mani\u00e8re unique votre navigateur et votre appareil de navigation Internet. Si vous n&rsquo;acceptez pas ces cookies, vous recevrez des publicit\u00e9s moins cibl\u00e9es.<\/p>\n<p>Cookies des m\u00e9dias sociaux<\/p>\n<p>Ces cookies sont cr\u00e9\u00e9s par divers services de m\u00e9dias sociaux que nous avons plac\u00e9s sur notre site et qui vous permettent de partager notre contenu avec vos amis et votre r\u00e9seau. Ces cookies peuvent suivre l&rsquo;activit\u00e9 de votre navigateur sur diff\u00e9rents sites et \u00e9tablir un profil bas\u00e9 sur vos int\u00e9r\u00eats. Cela peut influencer le contenu et les messages que vous voyez lorsque vous visitez d&rsquo;autres sites web.\u00a0 Si vous n&rsquo;acceptez pas ces cookies, il se peut que vous ne puissiez pas utiliser ou visualiser ces outils de partage.<\/p>\n<p>E. Partageons-nous les donn\u00e9es collect\u00e9es par les cookies ?<\/p>\n<p>Nous pouvons collecter des informations sur notre site web par le biais de cookies et les partager avec des tiers tels que des r\u00e9seaux sociaux ou des plateformes publicitaires, mais aussi des soci\u00e9t\u00e9s au sein des distributeurs de Boatilus, des agences de publicit\u00e9\/fournisseurs et des prestataires de services informatiques (par exemple l&rsquo;h\u00e9bergement), si n\u00e9cessaire avec votre consentement.<\/p>\n<p>F. Comment personnaliser vos param\u00e8tres de cookies<\/p>\n<p>Vous pouvez \u00e0 tout moment choisir d&rsquo;accepter ou de refuser l&rsquo;utilisation de cookies en utilisant les param\u00e8tres d&rsquo;activation et de d\u00e9sactivation dans le centre de pr\u00e9f\u00e9rences en cliquant sur le bouton \u00ab\u00a0Param\u00e8tres des cookies\u00a0\u00bb sur chaque page :<\/p>\n<p>Parce que nous respectons votre droit \u00e0 la vie priv\u00e9e, vous pouvez choisir de ne pas accepter certains types de cookies. Cliquez sur le nom des diff\u00e9rentes cat\u00e9gories pour en savoir plus et pour modifier vos param\u00e8tres de base. Cependant, le blocage de certains types de cookies peut affecter votre exp\u00e9rience du site et les services que nous pouvons vous offrir.<\/p>\n<p>Si vous utilisez plusieurs navigateurs (par exemple Internet Explorer, Google Chrome, Firefox, etc.), vous devrez r\u00e9p\u00e9ter cette proc\u00e9dure pour chacun d&rsquo;entre eux, et si vous vous connectez au web \u00e0 partir de plusieurs appareils (par exemple \u00e0 la maison et au travail), vous devrez d\u00e9finir vos pr\u00e9f\u00e9rences pour chaque navigateur sur chacun de vos appareils.<\/p>\n<p>Veuillez noter que si vous d\u00e9sactivez compl\u00e8tement les cookies, vous risquez de perdre certaines fonctionnalit\u00e9s du site, telles que la navigation de routine et les activit\u00e9s d&rsquo;achat, et toute activit\u00e9 personnalis\u00e9e, telle que les publicit\u00e9s que vous recevez lorsque vous visitez ce site web, ne sera pas cibl\u00e9e en fonction de vos int\u00e9r\u00eats.<\/p>\n<p>Pour plus d&rsquo;informations sur les cookies de tiers (par exemple, les cookies publicitaires ou de ciblage) et sur la mani\u00e8re de les d\u00e9sactiver directement \u00e0 partir de votre navigateur plut\u00f4t qu&rsquo;\u00e0 partir de notre centre de pr\u00e9f\u00e9rences, veuillez lire la politique de confidentialit\u00e9 et les directives d&rsquo;exclusion correspondantes que vous trouverez ici : <a class=\"moz-txt-link-freetext\" href=\"https:\/\/www.youronlinechoices.com\/\">https:\/\/www.youronlinechoices.com\/<\/a>.<\/p>\n<p>G. Comment nous contacter<\/p>\n<p>Pour toute question concernant nos pratiques en mati\u00e8re de protection de la vie priv\u00e9e et la mani\u00e8re dont nous traitons vos donn\u00e9es, veuillez contacter notre \u00e9quipe charg\u00e9e de la protection de la vie priv\u00e9e et notre d\u00e9l\u00e9gu\u00e9 \u00e0 la protection des donn\u00e9es en envoyant un courrier \u00e9lectronique \u00e0 l&rsquo;adresse suivante<\/p>\n<p><a class=\"moz-txt-link-abbreviated\" href=\"mailto:privacy@boatilus.com\">privacy@boatilus.com<\/a> ou en remplissant le formulaire de contact ci-dessous sur le site.<\/p>\n<p>H. Informations compl\u00e9mentaires<\/p>\n<p>Veuillez lire notre politique de confidentialit\u00e9 pour obtenir des informations d\u00e9taill\u00e9es sur la mani\u00e8re dont nous traitons vos informations personnelles.<\/p>\n<p>I. Liste des cookies<\/p>\n<p>liste des cookies<\/p>\n<p>Un cookie est un petit \u00e9l\u00e9ment de donn\u00e9es (fichier texte) qu&rsquo;un site web, lorsqu&rsquo;il est visit\u00e9 par un utilisateur, demande au navigateur de stocker sur l&rsquo;appareil de l&rsquo;utilisateur afin de se souvenir d&rsquo;informations telles que la langue pr\u00e9f\u00e9r\u00e9e ou les donn\u00e9es de connexion. Ces cookies sont mis en place par nous et sont appel\u00e9s \u00ab\u00a0cookies de premi\u00e8re partie\u00a0\u00bb. Nous utilisons \u00e9galement des cookies de tiers &#8211; c&rsquo;est-\u00e0-dire des cookies provenant d&rsquo;un domaine autre que le site web que vous visitez &#8211; dans le cadre de nos efforts de publicit\u00e9 et de marketing. En particulier, nous utilisons des cookies et d&rsquo;autres technologies de suivi aux fins suivantes :<\/p>\n<p>Cookies strictement n\u00e9cessaires<\/p>\n<p>Ces cookies sont n\u00e9cessaires au fonctionnement du site et ne peuvent \u00eatre d\u00e9sactiv\u00e9s dans nos syst\u00e8mes. Ils ne sont g\u00e9n\u00e9ralement install\u00e9s qu&rsquo;en r\u00e9ponse \u00e0 des actions que vous entreprenez et qui constituent une demande de services, telles que la d\u00e9finition de pr\u00e9f\u00e9rences en mati\u00e8re de confidentialit\u00e9, l&rsquo;ouverture d&rsquo;une session ou le remplissage d&rsquo;un formulaire. Vous pouvez configurer votre navigateur pour qu&rsquo;il bloque ces cookies ou pour qu&rsquo;il vous avertisse de leur pr\u00e9sence, mais certaines parties du site ne fonctionneront alors pas.<\/p>\n<p>Cookies de chat<\/p>\n<p>Ces cookies sont n\u00e9cessaires pour activer le chat et nous permettre de vous localiser, de vous mettre en relation avec nos \u00e9quipes et de vous offrir la possibilit\u00e9 de communiquer avec nous (via le chat ou les appels vid\u00e9o). Cette utilisation sera associ\u00e9e au suivi de votre exp\u00e9rience sur le site (y compris le suivi en direct de votre navigation sur notre site ou application mobile), nous permet de vous assister au mieux et de vous proposer des produits qui r\u00e9pondent au mieux \u00e0 vos attentes et pr\u00e9f\u00e9rences. Si vous n&rsquo;acceptez pas ces cookies, vous ne pourrez pas acc\u00e9der au chat.<\/p>\n<p>Cookies de performance<\/p>\n<p>Ces cookies nous permettent de compter les visites et les sources de trafic afin de mesurer et d&rsquo;am\u00e9liorer les performances de notre site. Ils nous aident \u00e0 savoir quelles sont les pages les plus et les moins populaires et \u00e0 voir comment les visiteurs se d\u00e9placent sur le site. Toutes les informations collect\u00e9es par les cookies sont agr\u00e9g\u00e9es et donc anonymes. Si vous n&rsquo;autorisez pas ces cookies, nous ne saurons pas quand vous avez visit\u00e9 notre site.<\/p>\n<p>Cookies de fonctionnalit\u00e9<\/p>\n<p>Ces cookies permettent au site d&rsquo;offrir une fonctionnalit\u00e9 et une personnalisation accrues. Ils peuvent \u00eatre install\u00e9s par nous ou par des fournisseurs tiers dont les services ont \u00e9t\u00e9 ajout\u00e9s \u00e0 nos pages. Si vous n&rsquo;autorisez pas ces cookies, certains ou tous ces services peuvent ne pas fonctionner correctement.<\/p>\n<p>Cookies de publicit\u00e9 cibl\u00e9e<\/p>\n<p>Ces cookies peuvent \u00eatre install\u00e9s sur notre site par nos partenaires publicitaires. Ils peuvent \u00eatre utilis\u00e9s par ces soci\u00e9t\u00e9s pour \u00e9tablir un profil de vos int\u00e9r\u00eats et vous montrer des publicit\u00e9s pertinentes sur d&rsquo;autres sites. Ils ne stockent pas directement d&rsquo;informations personnelles, mais se basent uniquement sur le suivi de votre navigateur et de votre appareil Internet. Si vous n&rsquo;acceptez pas ces cookies, vous recevrez des publicit\u00e9s moins cibl\u00e9es.[\/vc_column_text][\/vc_column][\/vc_row]<\/p>\n<\/div>","protected":false},"excerpt":{"rendered":"<p>[vc_row][vc_column width=\u00a0\u00bb1\/1&Prime;][vc_column_text uncode_shortcode_id=\u00a0\u00bb593349&Prime; el_class=\u00a0\u00bblegal\u00a0\u00bb]Cookies Nous utilisons des cookies. Outre les cookies strictement n\u00e9cessaires au fonctionnement de ce site, www.boatilus.com utilise [&hellip;]<\/p>\n","protected":false},"author":2,"featured_media":0,"parent":0,"menu_order":0,"comment_status":"closed","ping_status":"closed","template":"","meta":{"footnotes":""},"class_list":["post-120502","page","type-page","status-publish","hentry"],"yoast_head":"<!-- This site is optimized with the Yoast SEO plugin v27.5 - https:\/\/yoast.com\/product\/yoast-seo-wordpress\/ -->\n<title>Cookie - Boatilus<\/title>\n<meta name=\"robots\" content=\"index, follow, max-snippet:-1, max-image-preview:large, max-video-preview:-1\" \/>\n<link rel=\"canonical\" href=\"https:\/\/www.boatilus.com\/fr\/cookie\/\" \/>\n<meta property=\"og:locale\" content=\"fr_FR\" \/>\n<meta property=\"og:type\" content=\"article\" \/>\n<meta property=\"og:title\" content=\"Cookie - Boatilus\" \/>\n<meta property=\"og:description\" content=\"[vc_row][vc_column width=\u00a0\u00bb1\/1&Prime;][vc_column_text uncode_shortcode_id=\u00a0\u00bb593349&Prime; el_class=\u00a0\u00bblegal\u00a0\u00bb]Cookies Nous utilisons des cookies. Outre les cookies strictement n\u00e9cessaires au fonctionnement de ce site, www.boatilus.com utilise [&hellip;]\" \/>\n<meta property=\"og:url\" content=\"https:\/\/www.boatilus.com\/fr\/cookie\/\" \/>\n<meta property=\"og:site_name\" content=\"Boatilus\" \/>\n<meta name=\"twitter:card\" content=\"summary_large_image\" \/>\n<meta name=\"twitter:label1\" content=\"Dur\u00e9e de lecture estim\u00e9e\" \/>\n\t<meta name=\"twitter:data1\" content=\"1 minute\" \/>\n<script type=\"application\/ld+json\" class=\"yoast-schema-graph\">{\"@context\":\"https:\\\/\\\/schema.org\",\"@graph\":[{\"@type\":\"WebPage\",\"@id\":\"https:\\\/\\\/www.boatilus.com\\\/fr\\\/cookie\\\/\",\"url\":\"https:\\\/\\\/www.boatilus.com\\\/fr\\\/cookie\\\/\",\"name\":\"Cookie - Boatilus\",\"isPartOf\":{\"@id\":\"https:\\\/\\\/www.boatilus.com\\\/fr\\\/#website\"},\"datePublished\":\"2023-05-22T07:40:34+00:00\",\"breadcrumb\":{\"@id\":\"https:\\\/\\\/www.boatilus.com\\\/fr\\\/cookie\\\/#breadcrumb\"},\"inLanguage\":\"fr-FR\",\"potentialAction\":[{\"@type\":\"ReadAction\",\"target\":[\"https:\\\/\\\/www.boatilus.com\\\/fr\\\/cookie\\\/\"]}]},{\"@type\":\"BreadcrumbList\",\"@id\":\"https:\\\/\\\/www.boatilus.com\\\/fr\\\/cookie\\\/#breadcrumb\",\"itemListElement\":[{\"@type\":\"ListItem\",\"position\":1,\"name\":\"Home\",\"item\":\"https:\\\/\\\/www.boatilus.com\\\/fr\\\/\"},{\"@type\":\"ListItem\",\"position\":2,\"name\":\"Cookie\"}]},{\"@type\":\"WebSite\",\"@id\":\"https:\\\/\\\/www.boatilus.com\\\/fr\\\/#website\",\"url\":\"https:\\\/\\\/www.boatilus.com\\\/fr\\\/\",\"name\":\"Boatilus\",\"description\":\"\",\"potentialAction\":[{\"@type\":\"SearchAction\",\"target\":{\"@type\":\"EntryPoint\",\"urlTemplate\":\"https:\\\/\\\/www.boatilus.com\\\/fr\\\/?s={search_term_string}\"},\"query-input\":{\"@type\":\"PropertyValueSpecification\",\"valueRequired\":true,\"valueName\":\"search_term_string\"}}],\"inLanguage\":\"fr-FR\"}]}<\/script>\n<!-- \/ Yoast SEO plugin. -->","yoast_head_json":{"title":"Cookie - Boatilus","robots":{"index":"index","follow":"follow","max-snippet":"max-snippet:-1","max-image-preview":"max-image-preview:large","max-video-preview":"max-video-preview:-1"},"canonical":"https:\/\/www.boatilus.com\/fr\/cookie\/","og_locale":"fr_FR","og_type":"article","og_title":"Cookie - Boatilus","og_description":"[vc_row][vc_column width=\u00a0\u00bb1\/1&Prime;][vc_column_text uncode_shortcode_id=\u00a0\u00bb593349&Prime; el_class=\u00a0\u00bblegal\u00a0\u00bb]Cookies Nous utilisons des cookies. Outre les cookies strictement n\u00e9cessaires au fonctionnement de ce site, www.boatilus.com utilise [&hellip;]","og_url":"https:\/\/www.boatilus.com\/fr\/cookie\/","og_site_name":"Boatilus","twitter_card":"summary_large_image","twitter_misc":{"Dur\u00e9e de lecture estim\u00e9e":"1 minute"},"schema":{"@context":"https:\/\/schema.org","@graph":[{"@type":"WebPage","@id":"https:\/\/www.boatilus.com\/fr\/cookie\/","url":"https:\/\/www.boatilus.com\/fr\/cookie\/","name":"Cookie - Boatilus","isPartOf":{"@id":"https:\/\/www.boatilus.com\/fr\/#website"},"datePublished":"2023-05-22T07:40:34+00:00","breadcrumb":{"@id":"https:\/\/www.boatilus.com\/fr\/cookie\/#breadcrumb"},"inLanguage":"fr-FR","potentialAction":[{"@type":"ReadAction","target":["https:\/\/www.boatilus.com\/fr\/cookie\/"]}]},{"@type":"BreadcrumbList","@id":"https:\/\/www.boatilus.com\/fr\/cookie\/#breadcrumb","itemListElement":[{"@type":"ListItem","position":1,"name":"Home","item":"https:\/\/www.boatilus.com\/fr\/"},{"@type":"ListItem","position":2,"name":"Cookie"}]},{"@type":"WebSite","@id":"https:\/\/www.boatilus.com\/fr\/#website","url":"https:\/\/www.boatilus.com\/fr\/","name":"Boatilus","description":"","potentialAction":[{"@type":"SearchAction","target":{"@type":"EntryPoint","urlTemplate":"https:\/\/www.boatilus.com\/fr\/?s={search_term_string}"},"query-input":{"@type":"PropertyValueSpecification","valueRequired":true,"valueName":"search_term_string"}}],"inLanguage":"fr-FR"}]}},"_links":{"self":[{"href":"https:\/\/www.boatilus.com\/fr\/wp-json\/wp\/v2\/pages\/120502","targetHints":{"allow":["GET"]}}],"collection":[{"href":"https:\/\/www.boatilus.com\/fr\/wp-json\/wp\/v2\/pages"}],"about":[{"href":"https:\/\/www.boatilus.com\/fr\/wp-json\/wp\/v2\/types\/page"}],"author":[{"embeddable":true,"href":"https:\/\/www.boatilus.com\/fr\/wp-json\/wp\/v2\/users\/2"}],"replies":[{"embeddable":true,"href":"https:\/\/www.boatilus.com\/fr\/wp-json\/wp\/v2\/comments?post=120502"}],"version-history":[{"count":0,"href":"https:\/\/www.boatilus.com\/fr\/wp-json\/wp\/v2\/pages\/120502\/revisions"}],"wp:attachment":[{"href":"https:\/\/www.boatilus.com\/fr\/wp-json\/wp\/v2\/media?parent=120502"}],"curies":[{"name":"wp","href":"https:\/\/api.w.org\/{rel}","templated":true}]}}