{"id":120969,"date":"2023-05-22T07:40:34","date_gmt":"2023-05-22T07:40:34","guid":{"rendered":"https:\/\/www.boatilus.com\/cookie\/"},"modified":"2023-07-11T08:06:15","modified_gmt":"2023-07-11T08:06:15","slug":"cookie","status":"publish","type":"page","link":"https:\/\/www.boatilus.com\/it\/cookie\/","title":{"rendered":"Cookie"},"content":{"rendered":"<div class=\"wpb-content-wrapper\"><p>[vc_row][vc_column width=&#8221;1\/1&#8243;][vc_column_text uncode_shortcode_id=&#8221;208626&#8243; el_class=&#8221;legal&#8221;]<\/p>\n<div class=\"moz-text-flowed\" lang=\"x-unicode\">\n<div class=\"moz-text-flowed\" lang=\"x-unicode\">\n<p class=\"p1\"><strong><span class=\"s1\">Cookies\u00a0<\/span><\/strong><\/p>\n<p class=\"p3\"><span class=\"s2\">Utilizziamo i cookie.\u00a0<\/span>Oltre ai cookie strettamente necessari per il funzionamento di questo sito web, <a class=\"moz-txt-link-abbreviated\" href=\"https:\/\/www.boatilus.com\">www.boatilus.com<\/a> utilizza cookie ed altri strumenti di tracciatura per ricordare le sue preferenze e offrire servizi aggiuntivi, per valutare la performance del nostro sito web, comprendere meglio le sue preferenze e inviarle notifiche sul suo carrello. I nostri partner utilizzano i tracker per creare pubblicit\u00e0 personalizzate basate sulle sue abitudini di navigazione e sul suo profilo, utilizzando anche la profilazione, o per consentirle di condividere i nostri contenuti sui suoi social network.<\/p>\n<p class=\"p3\"><span class=\"s2\"><br \/>\nPu\u00f2 cliccare &#8220;Accetta tutti i cookie&#8221; per consentire gli utilizzi sopra citati, cliccare &#8220;Impostazioni cookie&#8221; per configurare le sue scelte o cliccare il pulsante &#8220;Continua senza accettare&#8221; per rifiutare tutti i cookie opzionali. Pu\u00f2 modificare le sue preferenze, in particolare pu\u00f2 ritirare il suo consenso sul nostro sito web in qualsiasi momento.<\/span><\/p>\n<p>La nostra politica sui cookie<\/p>\n<p class=\"p3\"><span class=\"s2\">Utilizziamo cookie per personalizzare contenuti e annunci pubblicitari, per fornire funzionalit\u00e0 social media e per analizzare il nostro traffico dati. Condividiamo anche informazioni sul Suo utilizzo del nostro sito web con i nostri partner fornitori di servizi social media, pubblicitari e di analisi dati. Pu\u00f2 trovare ulteriori informazioni circa ciascuna delle finalit\u00e0 o dei fornitori che utilizziamo cliccando su \u2018Impostazioni Cookie.\u2019 Questo centro preferenze \u00e8 accessibile in ogni momento attraverso il bottone \u2018Impostazioni Cookie\u2019 collocato su ciascuna di queste pagine.<\/span><\/p>\n<p class=\"p3\"><span class=\"s2\">Ogni sito web che Lei visita pu\u00f2 conservare o recuperare informazioni attraverso il Suo browser, prevalentemente in forma di cookie. Tali informazioni potrebbero essere informazioni personali su di Lei, le Sue preferenze o il Suo dispositivo e sono per lo pi\u00f9 utilizzate per fare in modo che il sito web possa operare secondo le Sue aspettative. Di solito tali informazioni non La identificano direttamente, ma possono offrirLe un\u2019esperienza web pi\u00f9 personalizzata. Poich\u00e8 rispettiamo il Suo diritto alla privacy, Lei pu\u00f2 scegliere di non accettare alcune tipologie di cookie.<\/span><\/p>\n<p class=\"p3\"><span class=\"s2\">In ogni momento Lei pu\u00f2 scegliere se accettare o rifiutare l\u2019uso dei cookie utilizzando le impostazioni on\/off del centro preferenze, cliccando sul seguente bottone:<\/span><\/p>\n<p class=\"p3\"><span class=\"s5\">A. Che cos\u2019\u00e8 un cookie?<\/span><\/p>\n<p class=\"p3\"><span class=\"s6\">Un cookie \u00e8 una piccola porzione di dati (file di testo) che un sito web \u2013 quando visitato da un utente \u2013 chiede al Suo browser di installare sul Suo dispositivo al fine di ricordare informazioni che La riguardano, quali ad esempio le Sue preferenze linguistiche o informazioni di login. Questi cookie sono creati da noi e si chiamano cookie di prima parte. Utilizziamo anche cookie di terze parti \u2013 che sono cookie che appartengono ad un ambito diverso rispetto a quello del sito web che Lei sta visitando \u2013 per le nostre iniziative di pubblicit\u00e0 e marketing.<\/span><\/p>\n<p class=\"p3\"><span class=\"s5\">B. Perch\u00e9 utilizziamo i cookie?<\/span><\/p>\n<p class=\"p3\"><span class=\"s6\">I cookie sono utilizzati per varie finalit\u00e0, quali ad esempio consentire agli utenti di navigare tra le pagine senza interruzioni, adottando le loro preferenze e migliorando la loro esperienza di navigazione complessiva, personalizzando il sito web secondo la loro attivit\u00e0 di navigazione e profilo utente come cliente Gucci. I cookie possono anche aiutarci ad assicurare che gli annunci pubblicitari che gli utenti visualizzano online siano pi\u00f9 rilevanti per loro ed i loro interessi.<\/span><\/p>\n<p class=\"p3\"><span class=\"s5\">C. Quali tipi di cookie utilizziamo?<\/span><\/p>\n<p class=\"p3\"><span class=\"s6\">Il nostro sito web utilizza diversti tipi di cookie che hanno una durata differente. In particolare utilizziamo:<\/span><\/p>\n<ul class=\"ul1\">\n<li class=\"li3\"><span class=\"s6\">Cookie di sessione, la cui durata \u00e8 limitatata alla sessione di navigazione e che facilitano la Sua esperienza sul nostro sito web; e<\/span><\/li>\n<li class=\"li3\"><span class=\"s6\">Cookie persistenti, che durano per pi\u00f9 di una visita e memorizzano le Sue prefenze di impostazione in relazione al sito web.<\/span><\/li>\n<\/ul>\n<p class=\"p3\"><span class=\"s6\">Questi cookie possono anche essere suddivisi nelle seguenti categorie, a seconda di chi li abbia installati sul nostro sito web:<\/span><\/p>\n<ul class=\"ul1\">\n<li class=\"li3\"><span class=\"s6\">Cookie di prima parte, che sono forniti dal titolare del sito web che Lei sta visitando, affinch\u00e9 esso funzioni in maniera appropriata.<\/span><\/li>\n<li class=\"li3\"><span class=\"s6\">Cookie di terze parti, che sono inseriti sul sito web da terze parti, con l\u2019obiettivo di raccogliere diversi dati per svariate finalit\u00e0, per esempio: raccolta di dati per finalit\u00e0 di analisi e informazioni sui comportamenti ed interazioni sociali, ed anche per svolgere attivit\u00e0 promozionali.<\/span><\/li>\n<\/ul>\n<p class=\"p3\"><span class=\"s2\">\u00a0<\/span><\/p>\n<p class=\"p3\"><span class=\"s5\">D. Quali categorie di cookie sono presenti sul nostro sito web?\u00a0<\/span><\/p>\n<p class=\"p3\"><span class=\"s6\">Le diverse tipologie di cookie utilizzate sul nostro sito web supportano finalit\u00e0 diverse e possono rientrare in una delle categorie di seguito elencate.<\/span><\/p>\n<p class=\"p3\"><span class=\"s8\">Cookie strettamente necessari<\/span><\/p>\n<p class=\"p3\"><span class=\"s6\">Questi cookie sono necessari al funzionamento del sito e non possono essere disattivati nei nostri sistemi. Di solito essi sono installati solo a seguito di azioni intraprese da Lei che possano qualificarsi come richiesta di servizi, quali ad esempio impostare le Sue preferenze sulla privacy, effettuare il login o compilare moduli. Pu\u00f2 impostare il Suo browser in modo tale che esso blocchi tali cookie o Le invii una notifica circa la loro esistenza, ma alcune parti del sito non saranno funzionanti. Questi cookie non conservano alcuna informazione personale.<\/span><\/p>\n<p class=\"p3\"><span class=\"s8\">Cookie di performance e analitici<\/span><\/p>\n<p class=\"p3\"><span class=\"s6\">Questi cookie ci consentono di conteggiare le visite e di determinare le fonti del traffico, cos\u00ec da poter misurare e migliorare la performance del nostro sito. Ci aiutano a capire quali pagine hanno pi\u00f9 successo e quali meno e a vedere quanti visitatori passano sul nostro sito. Tutte le informazioni raccolte da questi cookie sono in forma aggregata e dunque anonima. Se Lei non accetta questi cookie, non potremo sapere quando ha visitato il nostro sito.<\/span><\/p>\n<p class=\"p3\"><span class=\"s8\">Cookie di funzionalit\u00e0<\/span><\/p>\n<p class=\"p3\"><span class=\"s6\">Questi cookie rendono possible la personalizzazione del sito web riconoscendo gli utenti e ricordando le loro preferenze. Possono essere create da noi o da fornitori terzi i cui servizi abbiamo aggiunto alle nostre pagine. Se Lei non accetta questi cookie, tutti o alcuni di questi servizi potrebbro non funzionare correttamente.\u00a0<\/span><\/p>\n<p class=\"p3\"><span class=\"s8\">Cookie di profilazione e targeting<\/span><\/p>\n<p class=\"p3\"><span class=\"s6\">Questi cookie potrebbero essere inseriti sul nostro sito dai nostri partner pubblicitari. Potrebbero essere utilizzati da queste societ\u00e0 per elaborare un profilo BSSN dei Suoi interessi e mostrarLe annunci rilevanti su altri siti. Non conservano direttamente informazioni personali ma il loro funzionamento \u00e8 basato sull\u2019identificazione univoca del Suo browser e dispositivo di navigazione su internet. Se Lei non accetta questi cookie, ricever\u00e0 annunci pubblicitari meno mirati.<\/span><\/p>\n<p class=\"p3\"><span class=\"s8\">Cookie social media<\/span><\/p>\n<p class=\"p3\"><span class=\"s6\">Questi cookie sono create da vari servizi di social media che abbiamo inserito nel nostro sito e che Le consentono di condividere i nostri contenuti con i Suoi amici e con la Sua rete di contatti. Questi cookie possono seguire l\u2019attivit\u00e0 del Suo browser su diversi siti ed elaborare un profilo basato sui suoi interessi. Ci\u00f2 pu\u00f2 influenzare i contenuti ed i messaggi che Lei visualizza quando visita altri siti web. \u00a0Se non accetta questi cookie, potrebbe non poter utilizzare o visualizzare questi strumenti di condivisione.<\/span><\/p>\n<p class=\"p3\"><span class=\"s5\">E. Condividiamo i dati raccolti attraverso i cookie?<\/span><\/p>\n<p class=\"p3\"><span class=\"s6\">Potremmo raccogliere informazioni sul nostro sito web attraverso i cookie e condivider le con terze parti quali social network o piattaforme pubblicitarie, ma anche societ\u00e0 \u00a0all\u2019interno dei distributori Boatilus, agenzie di pubblicit\u00e0\/fornitori e fornitori di servizi IT (e.g. hosting), se necessario con il Suo consenso.<\/span><\/p>\n<p class=\"p3\"><span class=\"s5\">F. Come personalizzare le impostazioni sui cookie<\/span><\/p>\n<p class=\"p3\"><span class=\"s6\">In ogni momento Lei pu\u00f2 scegliere di accettare o rifiutare l\u2019uso dei cookie utilizzando le impostazioni on\/off del centro preferenze, cliccando sul bottone \u2018Impostazioni Cookie\u2019 presente su ogni pagina:<\/span><\/p>\n<p class=\"p3\"><span class=\"s6\">Poich\u00e8 rispettiamo il Suo diritto alla privacy, Lei pu\u00f2 scegliere di non accettare alcune tipologie di cookie. Clicchi sul nome delle varie categorie per saperne di pi\u00f9 e per cambiare le Sue impostazioni di base. In ogni caso, il blocco di alcune tipologie di cookie potrebbe avere delle conseguenze sulla Sua esperienza del sito e dei servizi che possiamo offrire.<\/span><\/p>\n<p class=\"p3\"><span class=\"s6\">Se Lei utilizza una pluralit\u00e0 di browser (e.g. Internet Explorer, Google Chrome, Firefox, etc,), deve ripetere questa procedura per ciascuno di essi, e se si connette al web da vari dispositivi (e.g. da casa e dal lavoro), dovr\u00e0 impostare le Sue preferenze su ciascun browser su ciascuno dei dispositivi.<\/span><\/p>\n<p class=\"p3\"><span class=\"s6\">La preghiamo di notare che se Lei disabilita completamente i cookie, alcune delle funzionalit\u00e0 del sito potrebbero andare perse, quali ad esempio navigazione ordinaria sul sito e attivit\u00e0 di acquisto, mentre ogni attivit\u00e0 personalizzata, come gli annunci che riceve quando visita questo sito web non sar\u00e0 mirata secondo i Suoi interessi.<\/span><\/p>\n<p class=\"p3\"><span class=\"s6\">Per maggiori informazioni sui cookie di terze parti (e.g. cookie pubblicitari o di targeting) e su come disabilitarli direttamente dal browser invece che dal nostro centro preferenze, La invitiamo a leggere la relativa informativa sulla privacy e le linee guida sull\u2019opt-out che pu\u00f2 trovare qui: <a class=\"moz-txt-link-freetext\" href=\"https:\/\/www.youronlinechoices.com\/\">https:\/\/www.youronlinechoices.com\/<\/a><\/span><\/p>\n<p class=\"p3\"><span class=\"s5\">G. Come contattarci<\/span><\/p>\n<p class=\"p3\"><span class=\"s6\">Per ogni questione riguardante le nostre prassi in materia di privacy e come gestiamo i Suoi dati, La preghiamo di contattare il nostro team privacy e il nostro Responsabile della Protezione dei Dati inviando un\u2019email all\u2019indirizzo<\/span><\/p>\n<p class=\"p3\"><span class=\"s6\"><a href=\"mailto:privacy@gucci.com\"><span class=\"s9\">privacy@boatilus.com<\/span><\/a>\u00a0o completando il modulo contatto sotto sul sito.<\/span><\/p>\n<p class=\"p3\">H. Maggiori informazioni<\/p>\n<p class=\"p3\"><span class=\"s6\">La invitiamo a leggere la nostra informativa sulla privacy per informazioni dettagliate su come trattiamo le Sue informazioni personali.<\/span><\/p>\n<p class=\"p3\"><span class=\"s5\">I. Lista dei cookie\u00a0<\/span><\/p>\n<p class=\"p3\"><span class=\"s5\">elenco dei cookie<\/span><\/p>\n<p class=\"p3\"><span class=\"s2\">Un cookie \u00e8 una piccola porzione di dati (file di testo) che un sito Web, se visitato da un utente, chiede al browser di memorizzarlo sul dispositivo per ricordare le sue informazioni, quali la lingua preferita o i dati di accesso. Questi cookie sono da noi impostati e denominati cookie di prima parte. Utilizziamo inoltre cookie di terza parte &#8211; ovvero i cookie di un dominio diverso da quello del sito Web che si sta visitando &#8211; per i nostri tentativi pubblicitari e di marketing. In particolare, utilizziamo i cookie e altre tecnologie di tracciamento per i seguenti scopi:<\/span><\/p>\n<p class=\"p3\"><span class=\"s5\">Cookie strettamente necessari<\/span><\/p>\n<p class=\"p3\"><span class=\"s2\">Questi cookie sono necessari per il funzionamento del sito e non possono essere disattivati nei nostri sistemi. Di solito vengono impostati solo in risposta alle azioni da te effettuate che costituiscono una richiesta di servizi, come l&#8217;impostazione delle preferenze di privacy, l&#8217;accesso o la compilazione di moduli. \u00c8 possibile impostare il browser per bloccare o avere avvisi riguardo questi cookie, ma di conseguenza alcune parti del sito non funzioneranno.<\/span><\/p>\n<p class=\"p1\"><span class=\"s1\">Cookie della chat<\/span><\/p>\n<p class=\"p1\"><span class=\"s2\">Questi cookie sono necessari per l\u2019attivazione della chat e ci consentono di localizzarla, di metterla in contatto con i nostri team e di offrirle la possibilit\u00e0 di comunicare con noi (tramite chat o videochiamate). Tale utilizzo sar\u00e0 associato al monitoraggio della sua esperienza sul sito (incluso il monitoraggio in diretta della sua navigazione sul nostro sito o applicazione mobile), ci consente di assisterla nel migliore modo possibile e di suggerirle i prodotti che meglio soddisfano le sue aspettative e preferenze. Se non accetta questi cookie, non potr\u00e0 accedere alla chat.<\/span><\/p>\n<p class=\"p1\"><span class=\"s1\">Cookie di prestazione<\/span><\/p>\n<p class=\"p1\"><span class=\"s2\">Questi cookie ci permettono di contare le visite e fonti di traffico in modo da poter misurare e migliorare le prestazioni del nostro sito. Ci aiutano a sapere quali sono le pagine pi\u00f9 e meno popolari e vedere come i visitatori si muovono intorno al sito. Tutte le informazioni raccolte dai cookie sono aggregate e quindi anonime. Se non consenti questi cookie, non sapremo quando hai visitato il nostro sito.<\/span><\/p>\n<p class=\"p1\"><span class=\"s1\">Cookie di funzionalit\u00e0<\/span><\/p>\n<p class=\"p1\"><span class=\"s2\">Questi cookie consentono al sito di fornire funzionalit\u00e0 e personalizzazione avanzate. Possono essere impostati da noi o da provider di terze parti i cui servizi sono stati aggiunto alle nostre pagine. Se non si autorizzano questi cookie, alcuni o tutti questi servizi potrebbero non funzionare correttamente.<\/span><\/p>\n<p class=\"p1\"><span class=\"s1\">Cookie per pubblicit\u00e0 mirata<\/span><\/p>\n<p class=\"p1\"><span class=\"s2\">Questi cookie possono essere impostati tramite il nostro sito dai nostri partner pubblicitari. Possono essere utilizzati da queste aziende per costruire un profilo dei tuoi interessi e mostrarti annunci pertinenti su altri siti. Non memorizzano direttamente informazioni personali, ma sono basati unicamente sull&#8217;individuazione del tuo browser e del tuo dispositivo internet. Se non si accettano questi cookie, riceverai una pubblicit\u00e0 meno mirata.<\/span><\/p>\n<\/div>\n<\/div>\n<p>[\/vc_column_text][\/vc_column][\/vc_row]<\/p>\n<\/div>","protected":false},"excerpt":{"rendered":"<p>[vc_row][vc_column width=&#8221;1\/1&#8243;][vc_column_text uncode_shortcode_id=&#8221;208626&#8243; el_class=&#8221;legal&#8221;] Cookies\u00a0 Utilizziamo i cookie.\u00a0Oltre ai cookie strettamente necessari per il funzionamento di questo sito web, www.boatilus.com [&hellip;]<\/p>\n","protected":false},"author":2,"featured_media":0,"parent":0,"menu_order":0,"comment_status":"closed","ping_status":"closed","template":"","meta":{"footnotes":""},"class_list":["post-120969","page","type-page","status-publish","hentry"],"yoast_head":"<!-- This site is optimized with the Yoast SEO plugin v27.5 - https:\/\/yoast.com\/product\/yoast-seo-wordpress\/ -->\n<title>Il sito di Boatilus utilizza i Cookie sul proprio sito ufficiale<\/title>\n<meta name=\"description\" content=\"Informazioni sui Cookie - Il sito di Boatilus utilizza i Cookie sul proprio sito ufficiale. Questa pagina spiega quali.\" \/>\n<meta name=\"robots\" content=\"index, follow, max-snippet:-1, max-image-preview:large, max-video-preview:-1\" \/>\n<link rel=\"canonical\" href=\"https:\/\/www.boatilus.com\/it\/cookie\/\" \/>\n<meta property=\"og:locale\" content=\"it_IT\" \/>\n<meta property=\"og:type\" content=\"article\" \/>\n<meta property=\"og:title\" content=\"Il sito di Boatilus utilizza i Cookie sul proprio sito ufficiale\" \/>\n<meta property=\"og:description\" content=\"Informazioni sui Cookie - Il sito di Boatilus utilizza i Cookie sul proprio sito ufficiale. Questa pagina spiega quali.\" \/>\n<meta property=\"og:url\" content=\"https:\/\/www.boatilus.com\/it\/cookie\/\" \/>\n<meta property=\"og:site_name\" content=\"Boatilus\" \/>\n<meta property=\"article:modified_time\" content=\"2023-07-11T08:06:15+00:00\" \/>\n<meta name=\"twitter:card\" content=\"summary_large_image\" \/>\n<meta name=\"twitter:label1\" content=\"Tempo di lettura stimato\" \/>\n\t<meta name=\"twitter:data1\" content=\"9 minuti\" \/>\n<script type=\"application\/ld+json\" class=\"yoast-schema-graph\">{\"@context\":\"https:\\\/\\\/schema.org\",\"@graph\":[{\"@type\":\"WebPage\",\"@id\":\"https:\\\/\\\/www.boatilus.com\\\/it\\\/cookie\\\/\",\"url\":\"https:\\\/\\\/www.boatilus.com\\\/it\\\/cookie\\\/\",\"name\":\"Il sito di Boatilus utilizza i Cookie sul proprio sito ufficiale\",\"isPartOf\":{\"@id\":\"https:\\\/\\\/www.boatilus.com\\\/it\\\/#website\"},\"datePublished\":\"2023-05-22T07:40:34+00:00\",\"dateModified\":\"2023-07-11T08:06:15+00:00\",\"description\":\"Informazioni sui Cookie - Il sito di Boatilus utilizza i Cookie sul proprio sito ufficiale. Questa pagina spiega quali.\",\"breadcrumb\":{\"@id\":\"https:\\\/\\\/www.boatilus.com\\\/it\\\/cookie\\\/#breadcrumb\"},\"inLanguage\":\"it-IT\",\"potentialAction\":[{\"@type\":\"ReadAction\",\"target\":[\"https:\\\/\\\/www.boatilus.com\\\/it\\\/cookie\\\/\"]}]},{\"@type\":\"BreadcrumbList\",\"@id\":\"https:\\\/\\\/www.boatilus.com\\\/it\\\/cookie\\\/#breadcrumb\",\"itemListElement\":[{\"@type\":\"ListItem\",\"position\":1,\"name\":\"Home\",\"item\":\"https:\\\/\\\/www.boatilus.com\\\/it\\\/\"},{\"@type\":\"ListItem\",\"position\":2,\"name\":\"Cookie\"}]},{\"@type\":\"WebSite\",\"@id\":\"https:\\\/\\\/www.boatilus.com\\\/it\\\/#website\",\"url\":\"https:\\\/\\\/www.boatilus.com\\\/it\\\/\",\"name\":\"Boatilus\",\"description\":\"\",\"potentialAction\":[{\"@type\":\"SearchAction\",\"target\":{\"@type\":\"EntryPoint\",\"urlTemplate\":\"https:\\\/\\\/www.boatilus.com\\\/it\\\/?s={search_term_string}\"},\"query-input\":{\"@type\":\"PropertyValueSpecification\",\"valueRequired\":true,\"valueName\":\"search_term_string\"}}],\"inLanguage\":\"it-IT\"}]}<\/script>\n<!-- \/ Yoast SEO plugin. -->","yoast_head_json":{"title":"Il sito di Boatilus utilizza i Cookie sul proprio sito ufficiale","description":"Informazioni sui Cookie - Il sito di Boatilus utilizza i Cookie sul proprio sito ufficiale. Questa pagina spiega quali.","robots":{"index":"index","follow":"follow","max-snippet":"max-snippet:-1","max-image-preview":"max-image-preview:large","max-video-preview":"max-video-preview:-1"},"canonical":"https:\/\/www.boatilus.com\/it\/cookie\/","og_locale":"it_IT","og_type":"article","og_title":"Il sito di Boatilus utilizza i Cookie sul proprio sito ufficiale","og_description":"Informazioni sui Cookie - Il sito di Boatilus utilizza i Cookie sul proprio sito ufficiale. Questa pagina spiega quali.","og_url":"https:\/\/www.boatilus.com\/it\/cookie\/","og_site_name":"Boatilus","article_modified_time":"2023-07-11T08:06:15+00:00","twitter_card":"summary_large_image","twitter_misc":{"Tempo di lettura stimato":"9 minuti"},"schema":{"@context":"https:\/\/schema.org","@graph":[{"@type":"WebPage","@id":"https:\/\/www.boatilus.com\/it\/cookie\/","url":"https:\/\/www.boatilus.com\/it\/cookie\/","name":"Il sito di Boatilus utilizza i Cookie sul proprio sito ufficiale","isPartOf":{"@id":"https:\/\/www.boatilus.com\/it\/#website"},"datePublished":"2023-05-22T07:40:34+00:00","dateModified":"2023-07-11T08:06:15+00:00","description":"Informazioni sui Cookie - Il sito di Boatilus utilizza i Cookie sul proprio sito ufficiale. Questa pagina spiega quali.","breadcrumb":{"@id":"https:\/\/www.boatilus.com\/it\/cookie\/#breadcrumb"},"inLanguage":"it-IT","potentialAction":[{"@type":"ReadAction","target":["https:\/\/www.boatilus.com\/it\/cookie\/"]}]},{"@type":"BreadcrumbList","@id":"https:\/\/www.boatilus.com\/it\/cookie\/#breadcrumb","itemListElement":[{"@type":"ListItem","position":1,"name":"Home","item":"https:\/\/www.boatilus.com\/it\/"},{"@type":"ListItem","position":2,"name":"Cookie"}]},{"@type":"WebSite","@id":"https:\/\/www.boatilus.com\/it\/#website","url":"https:\/\/www.boatilus.com\/it\/","name":"Boatilus","description":"","potentialAction":[{"@type":"SearchAction","target":{"@type":"EntryPoint","urlTemplate":"https:\/\/www.boatilus.com\/it\/?s={search_term_string}"},"query-input":{"@type":"PropertyValueSpecification","valueRequired":true,"valueName":"search_term_string"}}],"inLanguage":"it-IT"}]}},"_links":{"self":[{"href":"https:\/\/www.boatilus.com\/it\/wp-json\/wp\/v2\/pages\/120969","targetHints":{"allow":["GET"]}}],"collection":[{"href":"https:\/\/www.boatilus.com\/it\/wp-json\/wp\/v2\/pages"}],"about":[{"href":"https:\/\/www.boatilus.com\/it\/wp-json\/wp\/v2\/types\/page"}],"author":[{"embeddable":true,"href":"https:\/\/www.boatilus.com\/it\/wp-json\/wp\/v2\/users\/2"}],"replies":[{"embeddable":true,"href":"https:\/\/www.boatilus.com\/it\/wp-json\/wp\/v2\/comments?post=120969"}],"version-history":[{"count":0,"href":"https:\/\/www.boatilus.com\/it\/wp-json\/wp\/v2\/pages\/120969\/revisions"}],"wp:attachment":[{"href":"https:\/\/www.boatilus.com\/it\/wp-json\/wp\/v2\/media?parent=120969"}],"curies":[{"name":"wp","href":"https:\/\/api.w.org\/{rel}","templated":true}]}}