{"id":120511,"date":"2023-05-22T07:40:34","date_gmt":"2023-05-22T07:40:34","guid":{"rendered":"https:\/\/www.boatilus.com\/cookie\/"},"modified":"2023-07-11T09:36:09","modified_gmt":"2023-07-11T09:36:09","slug":"cookie","status":"publish","type":"page","link":"https:\/\/www.boatilus.com\/pl\/cookie\/","title":{"rendered":"Cookie"},"content":{"rendered":"<div class=\"wpb-content-wrapper\"><p>[vc_row][vc_column width=&#8221;1\/1&#8243;][vc_column_text uncode_shortcode_id=&#8221;191909&#8243; el_class=&#8221;legal&#8221;]<\/p>\n<div class=\"moz-text-flowed\" lang=\"x-unicode\">\n<div class=\"moz-text-flowed\" lang=\"x-unicode\">\n<div class=\"moz-text-flowed\" lang=\"x-unicode\">\n<p>Pliki cookie<\/p>\n<p>U\u017cywamy plik\u00f3w cookie. Opr\u00f3cz plik\u00f3w cookie \u015bci\u015ble niezb\u0119dnych do dzia\u0142ania tej witryny, <a class=\"moz-txt-link-abbreviated\" href=\"https:\/\/www.boatilus.com\">www.boatilus.com<\/a> korzysta z plik\u00f3w cookie i innych narz\u0119dzi \u015bledz\u0105cych w celu zapami\u0119tywania preferencji u\u017cytkownika i oferowania dodatkowych us\u0142ug, oceny wydajno\u015bci naszej witryny, lepszego zrozumienia preferencji u\u017cytkownika oraz wysy\u0142ania powiadomie\u0144 o koszyku zakup\u00f3w. Nasi partnerzy u\u017cywaj\u0105 narz\u0119dzi \u015bledz\u0105cych do tworzenia spersonalizowanych reklam w oparciu o nawyki i profil przegl\u0105dania u\u017cytkownika, r\u00f3wnie\u017c przy u\u017cyciu profilowania, lub w celu umo\u017cliwienia u\u017cytkownikowi udost\u0119pniania naszych tre\u015bci w sieciach spo\u0142eczno\u015bciowych.<\/p>\n<p>U\u017cytkownik mo\u017ce klikn\u0105\u0107 &#8222;Akceptuj wszystkie pliki cookie&#8221;, aby zezwoli\u0107 na wy\u017cej wymienione zastosowania, klikn\u0105\u0107 &#8222;Ustawienia plik\u00f3w cookie&#8221;, aby skonfigurowa\u0107 swoje wybory lub klikn\u0105\u0107 przycisk &#8222;Kontynuuj bez akceptacji&#8221;, aby odrzuci\u0107 wszystkie opcjonalne pliki cookie. U\u017cytkownik mo\u017ce zmieni\u0107 swoje preferencje, w szczeg\u00f3lno\u015bci mo\u017ce wycofa\u0107 swoj\u0105 zgod\u0119 na naszej stronie internetowej w dowolnym momencie.<\/p>\n<p>Nasza polityka dotycz\u0105ca plik\u00f3w cookie<\/p>\n<p>U\u017cywamy plik\u00f3w cookie do personalizowania tre\u015bci i reklam, udost\u0119pniania funkcji medi\u00f3w spo\u0142eczno\u015bciowych i analizowania naszego ruchu danych. Udost\u0119pniamy r\u00f3wnie\u017c informacje o korzystaniu z naszej witryny naszym partnerom w zakresie medi\u00f3w spo\u0142eczno\u015bciowych, reklamy i analizy danych. Wi\u0119cej informacji na temat ka\u017cdego z cel\u00f3w lub dostawc\u00f3w, z kt\u00f3rych korzystamy, mo\u017cna znale\u017a\u0107, klikaj\u0105c &#8222;Ustawienia plik\u00f3w cookie&#8221;. To centrum preferencji jest dost\u0119pne przez ca\u0142y czas za po\u015brednictwem przycisku &#8222;Ustawienia plik\u00f3w cookie&#8221; znajduj\u0105cego si\u0119 na ka\u017cdej z tych stron.<\/p>\n<p>Ka\u017cda odwiedzana witryna internetowa mo\u017ce przechowywa\u0107 lub pobiera\u0107 informacje za po\u015brednictwem przegl\u0105darki, g\u0142\u00f3wnie w postaci plik\u00f3w cookie. Informacje te mog\u0105 by\u0107 danymi osobowymi u\u017cytkownika, jego preferencjami lub urz\u0105dzeniem i s\u0105 wykorzystywane g\u0142\u00f3wnie w celu zapewnienia dzia\u0142ania witryny zgodnie z oczekiwaniami u\u017cytkownika. Zazwyczaj takie informacje nie identyfikuj\u0105 bezpo\u015brednio u\u017cytkownika, ale mog\u0105 zapewni\u0107 bardziej spersonalizowane korzystanie z witryny. Poniewa\u017c szanujemy prawo u\u017cytkownika do prywatno\u015bci, mo\u017ce on nie akceptowa\u0107 niekt\u00f3rych rodzaj\u00f3w plik\u00f3w cookie.<\/p>\n<p>U\u017cytkownik mo\u017ce w dowolnym momencie zaakceptowa\u0107 lub odrzuci\u0107 pliki cookie, korzystaj\u0105c z ustawie\u0144 w\u0142\u0105czania\/wy\u0142\u0105czania w centrum preferencji, klikaj\u0105c poni\u017cszy przycisk:<\/p>\n<p>A. Co to jest plik cookie?<\/p>\n<p>Plik cookie to niewielki fragment danych (plik tekstowy), o kt\u00f3rego zainstalowanie na urz\u0105dzeniu u\u017cytkownika przegl\u0105darka prosi, gdy u\u017cytkownik odwiedza witryn\u0119, w celu zapami\u0119tania informacji o u\u017cytkowniku, takich jak preferencje j\u0119zykowe lub dane logowania. Te pliki cookie s\u0105 tworzone przez nas i nazywane s\u0105 w\u0142asnymi plikami cookie. U\u017cywamy r\u00f3wnie\u017c plik\u00f3w cookie stron trzecich &#8211; kt\u00f3re nale\u017c\u0105 do innej domeny ni\u017c odwiedzana witryna &#8211; do naszych inicjatyw reklamowych i marketingowych.<\/p>\n<p>B. Dlaczego u\u017cywamy plik\u00f3w cookie?<\/p>\n<p>Pliki cookie s\u0105 wykorzystywane do r\u00f3\u017cnych cel\u00f3w, takich jak umo\u017cliwienie u\u017cytkownikom p\u0142ynnej nawigacji mi\u0119dzy stronami, przyj\u0119cie ich preferencji i poprawa og\u00f3lnego komfortu przegl\u0105dania, dostosowanie witryny do ich aktywno\u015bci przegl\u0105dania i profilu u\u017cytkownika jako klienta Gucci. Pliki cookie mog\u0105 r\u00f3wnie\u017c pom\u00f3c nam zapewni\u0107, \u017ce reklamy, kt\u00f3re u\u017cytkownicy ogl\u0105daj\u0105 online, s\u0105 bardziej odpowiednie dla nich i ich zainteresowa\u0144.<\/p>\n<p>C. Jakich rodzaj\u00f3w plik\u00f3w cookie u\u017cywamy?<\/p>\n<p>Nasza witryna internetowa wykorzystuje r\u00f3\u017cne rodzaje plik\u00f3w cookie, kt\u00f3re maj\u0105 r\u00f3\u017cn\u0105 \u017cywotno\u015b\u0107. W szczeg\u00f3lno\u015bci u\u017cywamy:<\/p>\n<p>Sesyjne pliki cookie, kt\u00f3rych czas \u017cycia jest ograniczony do sesji przegl\u0105dania i kt\u00f3re u\u0142atwiaj\u0105 korzystanie z naszej witryny; oraz<br \/>\nTrwa\u0142e pliki cookie, kt\u00f3re trwaj\u0105 d\u0142u\u017cej ni\u017c jedn\u0105 wizyt\u0119 i przechowuj\u0105 preferencje ustawie\u0144 u\u017cytkownika w odniesieniu do strony internetowej.<\/p>\n<p>Te pliki cookie mo\u017cna r\u00f3wnie\u017c podzieli\u0107 na nast\u0119puj\u0105ce kategorie, w zale\u017cno\u015bci od tego, kto zainstalowa\u0142 je na naszej stronie internetowej:<\/p>\n<p>W\u0142asne pliki cookie, kt\u00f3re s\u0105 dostarczane przez w\u0142a\u015bciciela odwiedzanej strony internetowej, aby mog\u0142a ona odpowiednio funkcjonowa\u0107.<br \/>\nPliki cookie stron trzecich, kt\u00f3re s\u0105 umieszczane na stronie internetowej przez strony trzecie w celu gromadzenia r\u00f3\u017cnych danych do r\u00f3\u017cnych cel\u00f3w, na przyk\u0142ad: gromadzenia danych do cel\u00f3w analizy oraz informacji o zachowaniu i interakcjach spo\u0142ecznych, a tak\u017ce w celu prowadzenia dzia\u0142a\u0144 promocyjnych.<\/p>\n<p>D. Jakie kategorie plik\u00f3w cookie s\u0105 obecne na naszej stronie internetowej?<\/p>\n<p>R\u00f3\u017cne rodzaje plik\u00f3w cookie u\u017cywanych na naszej stronie internetowej s\u0142u\u017c\u0105 r\u00f3\u017cnym celom i mog\u0105 nale\u017ce\u0107 do jednej z kategorii wymienionych poni\u017cej.<\/p>\n<p>Niezb\u0119dne pliki cookie<\/p>\n<p>Te pliki cookie s\u0105 niezb\u0119dne do funkcjonowania witryny i nie mo\u017cna ich wy\u0142\u0105czy\u0107 w naszych systemach. Zazwyczaj s\u0105 one instalowane tylko w wyniku dzia\u0142a\u0144 podejmowanych przez u\u017cytkownika, kt\u00f3re mog\u0105 kwalifikowa\u0107 si\u0119 jako \u017c\u0105danie us\u0142ugi, takie jak ustawienie preferencji prywatno\u015bci, logowanie lub wype\u0142nianie formularzy. Mo\u017cna ustawi\u0107 przegl\u0105dark\u0119 tak, aby blokowa\u0142a takie pliki cookie lub powiadamia\u0142a o ich istnieniu, ale niekt\u00f3re cz\u0119\u015bci witryny nie b\u0119d\u0105 dzia\u0142a\u0107. Te pliki cookie nie przechowuj\u0105 \u017cadnych danych osobowych.<\/p>\n<p>Wydajno\u015bciowe i analityczne pliki cookie<\/p>\n<p>Te pliki cookie pozwalaj\u0105 nam zlicza\u0107 odwiedziny i okre\u015bla\u0107 \u017ar\u00f3d\u0142a ruchu, dzi\u0119ki czemu mo\u017cemy mierzy\u0107 i poprawia\u0107 wydajno\u015b\u0107 naszej witryny. Pomagaj\u0105 nam zrozumie\u0107, kt\u00f3re strony odnosz\u0105 najwi\u0119kszy, a kt\u00f3re najmniejszy sukces, a tak\u017ce zobaczy\u0107, ilu u\u017cytkownik\u00f3w odwiedza nasz\u0105 witryn\u0119. Wszystkie informacje gromadzone przez te pliki cookie maj\u0105 form\u0119 zbiorcz\u0105, a zatem s\u0105 anonimowe. Je\u015bli u\u017cytkownik nie zaakceptuje tych plik\u00f3w cookie, nie b\u0119dziemy wiedzie\u0107, kiedy odwiedzi\u0142 nasz\u0105 witryn\u0119.<\/p>\n<p>Funkcjonalne pliki cookie<\/p>\n<p>Te pliki cookie umo\u017cliwiaj\u0105 personalizacj\u0119 witryny poprzez rozpoznawanie u\u017cytkownik\u00f3w i zapami\u0119tywanie ich preferencji. Mog\u0105 by\u0107 tworzone przez nas lub przez dostawc\u00f3w zewn\u0119trznych, kt\u00f3rych us\u0142ugi dodali\u015bmy do naszych stron. Je\u015bli u\u017cytkownik nie zaakceptuje tych plik\u00f3w cookie, wszystkie lub niekt\u00f3re z tych us\u0142ug mog\u0105 nie dzia\u0142a\u0107 prawid\u0142owo.<\/p>\n<p>Pliki cookie s\u0142u\u017c\u0105ce do profilowania i targetowania<\/p>\n<p>Te pliki cookie mog\u0105 by\u0107 umieszczane na naszej stronie przez naszych partner\u00f3w reklamowych. Mog\u0105 one by\u0107 wykorzystywane przez te firmy do tworzenia profilu zainteresowa\u0144 u\u017cytkownika BSSN i wy\u015bwietlania mu odpowiednich reklam na innych stronach. Nie przechowuj\u0105 one bezpo\u015brednio \u017cadnych danych osobowych, ale dzia\u0142aj\u0105 poprzez unikaln\u0105 identyfikacj\u0119 przegl\u0105darki i urz\u0105dzenia do przegl\u0105dania Internetu. Je\u015bli u\u017cytkownik nie zaakceptuje tych plik\u00f3w cookie, b\u0119dzie otrzymywa\u0107 mniej ukierunkowane reklamy.<\/p>\n<p>Pliki cookie medi\u00f3w spo\u0142eczno\u015bciowych<\/p>\n<p>Te pliki cookie s\u0105 tworzone przez r\u00f3\u017cne us\u0142ugi medi\u00f3w spo\u0142eczno\u015bciowych, kt\u00f3re umie\u015bcili\u015bmy na naszej stronie i umo\u017cliwiaj\u0105 udost\u0119pnianie naszych tre\u015bci znajomym i sieci. Te pliki cookie mog\u0105 \u015bledzi\u0107 aktywno\u015b\u0107 u\u017cytkownika w r\u00f3\u017cnych witrynach i tworzy\u0107 profil na podstawie jego zainteresowa\u0144. Mo\u017ce to mie\u0107 wp\u0142yw na tre\u015bci i komunikaty wy\u015bwietlane podczas odwiedzania innych witryn.\u00a0 Je\u015bli u\u017cytkownik nie zaakceptuje tych plik\u00f3w cookie, mo\u017ce nie by\u0107 w stanie korzysta\u0107 z tych narz\u0119dzi udost\u0119pniania lub ich przegl\u0105da\u0107.<\/p>\n<p>E. Czy udost\u0119pniamy dane zebrane za pomoc\u0105 plik\u00f3w cookie?<\/p>\n<p>Mo\u017cemy gromadzi\u0107 informacje o naszej witrynie internetowej za po\u015brednictwem plik\u00f3w cookie i udost\u0119pnia\u0107 je stronom trzecim, takim jak sieci spo\u0142eczno\u015bciowe lub platformy reklamowe, ale tak\u017ce firmom w ramach dystrybutor\u00f3w Boatilus, agencjom reklamowym\/dostawcom i dostawcom us\u0142ug IT (np. hosting), w razie potrzeby za zgod\u0105 u\u017cytkownika.<\/p>\n<p>F. Jak dostosowa\u0107 ustawienia plik\u00f3w cookie<\/p>\n<p>U\u017cytkownik mo\u017ce w dowolnym momencie zaakceptowa\u0107 lub odrzuci\u0107 korzystanie z plik\u00f3w cookie za pomoc\u0105 ustawie\u0144 w\u0142\u0105czania\/wy\u0142\u0105czania w centrum preferencji, klikaj\u0105c przycisk &#8222;Ustawienia plik\u00f3w cookie&#8221; na ka\u017cdej stronie:<\/p>\n<p>Poniewa\u017c szanujemy Twoje prawo do prywatno\u015bci, mo\u017cesz nie akceptowa\u0107 niekt\u00f3rych rodzaj\u00f3w plik\u00f3w cookie. Kliknij nazw\u0119 r\u00f3\u017cnych kategorii, aby dowiedzie\u0107 si\u0119 wi\u0119cej i zmieni\u0107 podstawowe ustawienia. Zablokowanie niekt\u00f3rych rodzaj\u00f3w plik\u00f3w cookie mo\u017ce jednak wp\u0142yn\u0105\u0107 na korzystanie z witryny i oferowanych przez nas us\u0142ug.<\/p>\n<p>Je\u015bli korzystasz z wielu przegl\u0105darek (np. Internet Explorer, Google Chrome, Firefox itp.), b\u0119dziesz musia\u0142 powt\u00f3rzy\u0107 ten proces dla ka\u017cdej z nich, a je\u015bli \u0142\u0105czysz si\u0119 z Internetem z wielu urz\u0105dze\u0144 (np. w domu i w pracy), b\u0119dziesz musia\u0142 ustawi\u0107 swoje preferencje dla ka\u017cdej przegl\u0105darki na ka\u017cdym z urz\u0105dze\u0144.<\/p>\n<p>Nale\u017cy pami\u0119ta\u0107, \u017ce w przypadku ca\u0142kowitego wy\u0142\u0105czenia plik\u00f3w cookie niekt\u00f3re funkcje witryny mog\u0105 zosta\u0107 utracone, takie jak zwyk\u0142a nawigacja po witrynie i aktywno\u015b\u0107 zakupowa, a wszelkie spersonalizowane dzia\u0142ania, takie jak reklamy otrzymywane podczas odwiedzania tej witryny, nie b\u0119d\u0105 ukierunkowane na Twoje zainteresowania.<\/p>\n<p>Aby uzyska\u0107 wi\u0119cej informacji na temat plik\u00f3w cookie stron trzecich (np. reklamowych lub ukierunkowanych plik\u00f3w cookie) oraz sposobu ich wy\u0142\u0105czenia bezpo\u015brednio z przegl\u0105darki zamiast z naszego centrum preferencji, nale\u017cy zapozna\u0107 si\u0119 z odpowiedni\u0105 polityk\u0105 prywatno\u015bci i wytycznymi dotycz\u0105cymi rezygnacji, kt\u00f3re mo\u017cna znale\u017a\u0107 tutaj: <a class=\"moz-txt-link-freetext\" href=\"https:\/\/www.youronlinechoices.com\/\">https:\/\/www.youronlinechoices.com\/<\/a>.<\/p>\n<p>G. Jak si\u0119 z nami skontaktowa\u0107<\/p>\n<p>W przypadku jakichkolwiek pyta\u0144 dotycz\u0105cych naszych praktyk w zakresie prywatno\u015bci i sposobu, w jaki post\u0119pujemy z danymi u\u017cytkownika, prosimy o kontakt z naszym zespo\u0142em ds. prywatno\u015bci i inspektorem ochrony danych, wysy\u0142aj\u0105c wiadomo\u015b\u0107 e-mail na adres<\/p>\n<p><a class=\"moz-txt-link-abbreviated\" href=\"mailto:privacy@boatilus.com\">privacy@boatilus.com<\/a> lub wype\u0142niaj\u0105c poni\u017cszy formularz kontaktowy na stronie.<\/p>\n<p>H. Wi\u0119cej informacji<\/p>\n<p>Prosimy o zapoznanie si\u0119 z nasz\u0105 polityk\u0105 prywatno\u015bci w celu uzyskania szczeg\u00f3\u0142owych informacji na temat przetwarzania przez nas danych osobowych u\u017cytkownik\u00f3w.<\/p>\n<p>I. Lista plik\u00f3w cookie<\/p>\n<p>lista plik\u00f3w cookie<\/p>\n<p>Plik cookie to niewielki fragment danych (plik tekstowy), kt\u00f3ry podczas odwiedzania strony internetowej przez u\u017cytkownika prosi przegl\u0105dark\u0119 o zapisanie na urz\u0105dzeniu u\u017cytkownika w celu zapami\u0119tania informacji, takich jak preferowany j\u0119zyk lub dane logowania. Te pliki cookie s\u0105 ustawiane przez nas i okre\u015blane jako w\u0142asne pliki cookie. U\u017cywamy r\u00f3wnie\u017c plik\u00f3w cookie stron trzecich &#8211; to znaczy plik\u00f3w cookie z domeny innej ni\u017c odwiedzana witryna &#8211; do naszych dzia\u0142a\u0144 reklamowych i marketingowych. W szczeg\u00f3lno\u015bci wykorzystujemy pliki cookie i inne technologie \u015bledzenia do nast\u0119puj\u0105cych cel\u00f3w:<\/p>\n<p>Niezb\u0119dne pliki cookie<\/p>\n<p>Te pliki cookie s\u0105 niezb\u0119dne do dzia\u0142ania witryny i nie mo\u017cna ich wy\u0142\u0105czy\u0107 w naszych systemach. Zazwyczaj s\u0105 one ustawiane tylko w odpowiedzi na dzia\u0142ania podejmowane przez u\u017cytkownika, kt\u00f3re stanowi\u0105 pro\u015bb\u0119 o us\u0142ugi, takie jak ustawienie preferencji prywatno\u015bci, logowanie lub wype\u0142nianie formularzy. Mo\u017cesz ustawi\u0107 przegl\u0105dark\u0119 tak, aby blokowa\u0142a te pliki cookie lub wy\u015bwietla\u0142a ostrze\u017cenia o nich, ale w rezultacie niekt\u00f3re cz\u0119\u015bci witryny nie b\u0119d\u0105 dzia\u0142a\u0107.<\/p>\n<p>Pliki cookie czatu<\/p>\n<p>Te pliki cookie s\u0105 wymagane do umo\u017cliwienia czatu i pozwalaj\u0105 nam zlokalizowa\u0107 u\u017cytkownika, po\u0142\u0105czy\u0107 go z naszymi zespo\u0142ami i zaoferowa\u0107 mu mo\u017cliwo\u015b\u0107 komunikowania si\u0119 z nami (za po\u015brednictwem czatu lub po\u0142\u0105cze\u0144 wideo). Takie wykorzystanie b\u0119dzie zwi\u0105zane z monitorowaniem do\u015bwiadcze\u0144 u\u017cytkownika w witrynie (w tym monitorowaniem na \u017cywo jego nawigacji w naszej witrynie lub aplikacji mobilnej), pozwoli nam pomaga\u0107 u\u017cytkownikowi w najlepszy mo\u017cliwy spos\u00f3b i sugerowa\u0107 produkty, kt\u00f3re najlepiej spe\u0142niaj\u0105 jego oczekiwania i preferencje. Je\u015bli u\u017cytkownik nie zaakceptuje tych plik\u00f3w cookie, nie b\u0119dzie m\u00f3g\u0142 uzyska\u0107 dost\u0119pu do czatu.<\/p>\n<p>Wydajno\u015bciowe pliki cookie<\/p>\n<p>Te pliki cookie umo\u017cliwiaj\u0105 nam zliczanie odwiedzin i \u017ar\u00f3de\u0142 ruchu, dzi\u0119ki czemu mo\u017cemy mierzy\u0107 i poprawia\u0107 wydajno\u015b\u0107 naszej witryny. Pomagaj\u0105 nam dowiedzie\u0107 si\u0119, kt\u00f3re strony s\u0105 najbardziej i najmniej popularne oraz zobaczy\u0107, jak odwiedzaj\u0105cy poruszaj\u0105 si\u0119 po witrynie. Wszystkie informacje gromadzone przez pliki cookie s\u0105 zagregowane, a zatem anonimowe. Je\u015bli u\u017cytkownik nie zezwoli na stosowanie tych plik\u00f3w cookie, nie b\u0119dziemy wiedzie\u0107, kiedy odwiedzi\u0142 nasz\u0105 witryn\u0119.<\/p>\n<p>Funkcjonalne pliki cookie<\/p>\n<p>Te pliki cookie umo\u017cliwiaj\u0105 witrynie zapewnienie zwi\u0119kszonej funkcjonalno\u015bci i personalizacji. Mog\u0105 by\u0107 ustawiane przez nas lub przez dostawc\u00f3w zewn\u0119trznych, kt\u00f3rych us\u0142ugi zosta\u0142y dodane do naszych stron. Je\u015bli u\u017cytkownik nie zezwoli na stosowanie tych plik\u00f3w cookie, niekt\u00f3re lub wszystkie z tych us\u0142ug mog\u0105 nie dzia\u0142a\u0107 prawid\u0142owo.<\/p>\n<p>Ukierunkowane reklamowe pliki cookie<\/p>\n<p>Te pliki cookie mog\u0105 by\u0107 ustawiane za po\u015brednictwem naszej witryny przez naszych partner\u00f3w reklamowych. Mog\u0105 one by\u0107 wykorzystywane przez te firmy do tworzenia profilu zainteresowa\u0144 u\u017cytkownika i wy\u015bwietlania mu odpowiednich reklam w innych witrynach. Nie przechowuj\u0105 one bezpo\u015brednio \u017cadnych danych osobowych, ale opieraj\u0105 si\u0119 wy\u0142\u0105cznie na \u015bledzeniu przegl\u0105darki i urz\u0105dzenia internetowego u\u017cytkownika. Je\u015bli u\u017cytkownik nie zaakceptuje tych plik\u00f3w cookie, b\u0119dzie otrzymywa\u0107 mniej ukierunkowane reklamy.<\/p>\n<\/div>\n<\/div>\n<\/div>\n<p>[\/vc_column_text][\/vc_column][\/vc_row]<\/p>\n<\/div>","protected":false},"excerpt":{"rendered":"<p>[vc_row][vc_column width=&#8221;1\/1&#8243;][vc_column_text uncode_shortcode_id=&#8221;191909&#8243; el_class=&#8221;legal&#8221;] Pliki cookie U\u017cywamy plik\u00f3w cookie. Opr\u00f3cz plik\u00f3w cookie \u015bci\u015ble niezb\u0119dnych do dzia\u0142ania tej witryny, www.boatilus.com korzysta [&hellip;]<\/p>\n","protected":false},"author":2,"featured_media":0,"parent":0,"menu_order":0,"comment_status":"closed","ping_status":"closed","template":"","meta":{"footnotes":""},"class_list":["post-120511","page","type-page","status-publish","hentry"],"yoast_head":"<!-- This site is optimized with the Yoast SEO plugin v27.5 - https:\/\/yoast.com\/product\/yoast-seo-wordpress\/ -->\n<title>Pliki cookie - U\u017cywamy plik\u00f3w cookie - Boatilus<\/title>\n<meta name=\"description\" content=\"Pliki cookie - U\u017cywamy plik\u00f3w cookie - Boatilus\" \/>\n<meta name=\"robots\" content=\"noindex, follow\" \/>\n<meta property=\"og:locale\" content=\"pl_PL\" \/>\n<meta property=\"og:type\" content=\"article\" \/>\n<meta property=\"og:title\" content=\"Pliki cookie - U\u017cywamy plik\u00f3w cookie - Boatilus\" \/>\n<meta property=\"og:description\" content=\"Pliki cookie - U\u017cywamy plik\u00f3w cookie - Boatilus\" \/>\n<meta property=\"og:url\" content=\"https:\/\/www.boatilus.com\/pl\/cookie\/\" \/>\n<meta property=\"og:site_name\" content=\"Boatilus\" \/>\n<meta property=\"article:modified_time\" content=\"2023-07-11T09:36:09+00:00\" \/>\n<meta name=\"twitter:card\" content=\"summary_large_image\" \/>\n<meta name=\"twitter:label1\" content=\"Szacowany czas czytania\" \/>\n\t<meta name=\"twitter:data1\" content=\"8 minut\" \/>\n<script type=\"application\/ld+json\" class=\"yoast-schema-graph\">{\"@context\":\"https:\\\/\\\/schema.org\",\"@graph\":[{\"@type\":\"WebPage\",\"@id\":\"https:\\\/\\\/www.boatilus.com\\\/pl\\\/cookie\\\/\",\"url\":\"https:\\\/\\\/www.boatilus.com\\\/pl\\\/cookie\\\/\",\"name\":\"Pliki cookie - U\u017cywamy plik\u00f3w cookie - Boatilus\",\"isPartOf\":{\"@id\":\"https:\\\/\\\/www.boatilus.com\\\/pl\\\/#website\"},\"datePublished\":\"2023-05-22T07:40:34+00:00\",\"dateModified\":\"2023-07-11T09:36:09+00:00\",\"description\":\"Pliki cookie - U\u017cywamy plik\u00f3w cookie - Boatilus\",\"breadcrumb\":{\"@id\":\"https:\\\/\\\/www.boatilus.com\\\/pl\\\/cookie\\\/#breadcrumb\"},\"inLanguage\":\"pl-PL\",\"potentialAction\":[{\"@type\":\"ReadAction\",\"target\":[\"https:\\\/\\\/www.boatilus.com\\\/pl\\\/cookie\\\/\"]}]},{\"@type\":\"BreadcrumbList\",\"@id\":\"https:\\\/\\\/www.boatilus.com\\\/pl\\\/cookie\\\/#breadcrumb\",\"itemListElement\":[{\"@type\":\"ListItem\",\"position\":1,\"name\":\"Home\",\"item\":\"https:\\\/\\\/www.boatilus.com\\\/pl\\\/\"},{\"@type\":\"ListItem\",\"position\":2,\"name\":\"Cookie\"}]},{\"@type\":\"WebSite\",\"@id\":\"https:\\\/\\\/www.boatilus.com\\\/pl\\\/#website\",\"url\":\"https:\\\/\\\/www.boatilus.com\\\/pl\\\/\",\"name\":\"Boatilus\",\"description\":\"\",\"potentialAction\":[{\"@type\":\"SearchAction\",\"target\":{\"@type\":\"EntryPoint\",\"urlTemplate\":\"https:\\\/\\\/www.boatilus.com\\\/pl\\\/?s={search_term_string}\"},\"query-input\":{\"@type\":\"PropertyValueSpecification\",\"valueRequired\":true,\"valueName\":\"search_term_string\"}}],\"inLanguage\":\"pl-PL\"}]}<\/script>\n<!-- \/ Yoast SEO plugin. -->","yoast_head_json":{"title":"Pliki cookie - U\u017cywamy plik\u00f3w cookie - Boatilus","description":"Pliki cookie - U\u017cywamy plik\u00f3w cookie - Boatilus","robots":{"index":"noindex","follow":"follow"},"og_locale":"pl_PL","og_type":"article","og_title":"Pliki cookie - U\u017cywamy plik\u00f3w cookie - Boatilus","og_description":"Pliki cookie - U\u017cywamy plik\u00f3w cookie - Boatilus","og_url":"https:\/\/www.boatilus.com\/pl\/cookie\/","og_site_name":"Boatilus","article_modified_time":"2023-07-11T09:36:09+00:00","twitter_card":"summary_large_image","twitter_misc":{"Szacowany czas czytania":"8 minut"},"schema":{"@context":"https:\/\/schema.org","@graph":[{"@type":"WebPage","@id":"https:\/\/www.boatilus.com\/pl\/cookie\/","url":"https:\/\/www.boatilus.com\/pl\/cookie\/","name":"Pliki cookie - U\u017cywamy plik\u00f3w cookie - Boatilus","isPartOf":{"@id":"https:\/\/www.boatilus.com\/pl\/#website"},"datePublished":"2023-05-22T07:40:34+00:00","dateModified":"2023-07-11T09:36:09+00:00","description":"Pliki cookie - U\u017cywamy plik\u00f3w cookie - Boatilus","breadcrumb":{"@id":"https:\/\/www.boatilus.com\/pl\/cookie\/#breadcrumb"},"inLanguage":"pl-PL","potentialAction":[{"@type":"ReadAction","target":["https:\/\/www.boatilus.com\/pl\/cookie\/"]}]},{"@type":"BreadcrumbList","@id":"https:\/\/www.boatilus.com\/pl\/cookie\/#breadcrumb","itemListElement":[{"@type":"ListItem","position":1,"name":"Home","item":"https:\/\/www.boatilus.com\/pl\/"},{"@type":"ListItem","position":2,"name":"Cookie"}]},{"@type":"WebSite","@id":"https:\/\/www.boatilus.com\/pl\/#website","url":"https:\/\/www.boatilus.com\/pl\/","name":"Boatilus","description":"","potentialAction":[{"@type":"SearchAction","target":{"@type":"EntryPoint","urlTemplate":"https:\/\/www.boatilus.com\/pl\/?s={search_term_string}"},"query-input":{"@type":"PropertyValueSpecification","valueRequired":true,"valueName":"search_term_string"}}],"inLanguage":"pl-PL"}]}},"_links":{"self":[{"href":"https:\/\/www.boatilus.com\/pl\/wp-json\/wp\/v2\/pages\/120511","targetHints":{"allow":["GET"]}}],"collection":[{"href":"https:\/\/www.boatilus.com\/pl\/wp-json\/wp\/v2\/pages"}],"about":[{"href":"https:\/\/www.boatilus.com\/pl\/wp-json\/wp\/v2\/types\/page"}],"author":[{"embeddable":true,"href":"https:\/\/www.boatilus.com\/pl\/wp-json\/wp\/v2\/users\/2"}],"replies":[{"embeddable":true,"href":"https:\/\/www.boatilus.com\/pl\/wp-json\/wp\/v2\/comments?post=120511"}],"version-history":[{"count":0,"href":"https:\/\/www.boatilus.com\/pl\/wp-json\/wp\/v2\/pages\/120511\/revisions"}],"wp:attachment":[{"href":"https:\/\/www.boatilus.com\/pl\/wp-json\/wp\/v2\/media?parent=120511"}],"curies":[{"name":"wp","href":"https:\/\/api.w.org\/{rel}","templated":true}]}}